{"id":2468,"date":"2019-06-18T22:09:23","date_gmt":"2019-06-18T20:09:23","guid":{"rendered":"https:\/\/www.tonnelleriebaron.com\/contact\/"},"modified":"2019-09-30T10:28:52","modified_gmt":"2019-09-30T08:28:52","slug":"contact","status":"publish","type":"page","link":"https:\/\/www.tonnelleriebaron.com\/en\/contact\/","title":{"rendered":"Contact"},"content":{"rendered":"[et_pb_section fb_built=&#8221;1&#8243; admin_label=&#8221;section&#8221; _builder_version=&#8221;3.22.3&#8243; fb_built=&#8221;1&#8243; _i=&#8221;0&#8243; _address=&#8221;0&#8243;][et_pb_row admin_label=&#8221;row&#8221; _builder_version=&#8221;3.25&#8243; background_size=&#8221;initial&#8221; background_position=&#8221;top_left&#8221; background_repeat=&#8221;repeat&#8221; _i=&#8221;0&#8243; _address=&#8221;0.0&#8243;][et_pb_column type=&#8221;4_4&#8243; _builder_version=&#8221;3.25&#8243; custom_padding=&#8221;|||&#8221; custom_padding__hover=&#8221;|||&#8221; _i=&#8221;0&#8243; _address=&#8221;0.0.0&#8243;][et_pb_text admin_label=&#8221;Text&#8221; _builder_version=&#8221;3.27.4&#8243; background_size=&#8221;initial&#8221; background_position=&#8221;top_left&#8221; background_repeat=&#8221;repeat&#8221; _i=&#8221;0&#8243; _address=&#8221;0.0.0.0&#8243;][\/et_pb_text][\/et_pb_column][\/et_pb_row][\/et_pb_section][et_pb_section fb_built=&#8221;1&#8243; disabled_on=&#8221;on|off|off&#8221; admin_label=&#8221;Languages switcher&#8221; _builder_version=&#8221;3.24&#8243; custom_margin=&#8221;0px||&#8221; custom_margin_tablet=&#8221;-15px|35%||0px&#8221; custom_margin_phone=&#8221;0px|0%|0px|&#8221; custom_margin_last_edited=&#8221;on|phone&#8221; custom_padding=&#8221;0|0px|0px|0px|false|false&#8221; global_module=&#8221;593&#8243; collapsed=&#8221;on&#8221; fb_built=&#8221;1&#8243; _i=&#8221;1&#8243; _address=&#8221;1&#8243;][et_pb_row admin_label=&#8221;Row&#8221; module_class=&#8221; et_pb_row_fullwidth&#8221; _builder_version=&#8221;3.25&#8243; width=&#8221;100%&#8221; width_tablet=&#8221;100%&#8221; width_last_edited=&#8221;on|desktop&#8221; max_width=&#8221;100%&#8221; max_width_tablet=&#8221;100%&#8221; max_width_last_edited=&#8221;on|desktop&#8221; custom_padding=&#8221;|82px|||false|false&#8221; make_fullwidth=&#8221;on&#8221; _i=&#8221;0&#8243; _address=&#8221;1.0&#8243;][et_pb_column type=&#8221;4_4&#8243; _builder_version=&#8221;3.25&#8243; custom_padding=&#8221;|||&#8221; _i=&#8221;0&#8243; _address=&#8221;1.0.0&#8243; custom_padding__hover=&#8221;|||&#8221;][et_pb_code _builder_version=&#8221;3.19.18&#8243; text_orientation=&#8221;right&#8221; custom_margin=&#8221;0px||&#8221; animation_style=&#8221;fade&#8221; animation_duration=&#8221;1950ms&#8221; animation_delay=&#8221;150ms&#8221; _i=&#8221;0&#8243; _address=&#8221;1.0.0.0&#8243;]<div class=\"selecteur-langues\"><a href=\"\/contact\">FR<\/a>  \/ <a href=\"\/es\/contact\">ES<\/a>  \/ <a href=\"\/it\/contact\">IT<\/a><\/div>\n[\/et_pb_code][\/et_pb_column][\/et_pb_row][\/et_pb_section][et_pb_section fb_built=&#8221;1&#8243; disabled_on=&#8221;on|on|off&#8221; _builder_version=&#8221;3.22.3&#8243; custom_margin_tablet=&#8221;0px||0px&#8221; custom_margin_last_edited=&#8221;on|tablet&#8221; fb_built=&#8221;1&#8243; _i=&#8221;2&#8243; _address=&#8221;2&#8243;][et_pb_row _builder_version=&#8221;3.25&#8243; _i=&#8221;0&#8243; _address=&#8221;2.0&#8243;][et_pb_column type=&#8221;4_4&#8243; _builder_version=&#8221;3.25&#8243; custom_padding=&#8221;|||&#8221; custom_padding__hover=&#8221;|||&#8221; _i=&#8221;0&#8243; _address=&#8221;2.0.0&#8243;][et_pb_image src=&#8221;https:\/\/www.tonnelleriebaron.com\/wp-content\/uploads\/2019\/06\/LOGO-TONNELLERIE-BARON-PM874-INSPIRE\u0301E-par-NATURE2.png&#8221; url=&#8221;\/en\/&#8221; align=&#8221;center&#8221; align_tablet=&#8221;center&#8221; align_last_edited=&#8221;on|desktop&#8221; disabled_on=&#8221;on|off|off&#8221; admin_label=&#8221;LOGO BARON&#8221; _builder_version=&#8221;3.25.3&#8243; width=&#8221;100%&#8221; max_width=&#8221;20%&#8221; max_width_phone=&#8221;65%&#8221; max_width_last_edited=&#8221;off|desktop&#8221; module_alignment=&#8221;center&#8221; custom_margin=&#8221;0%||&#8221; custom_margin_phone=&#8221;-30%||0px||false&#8221; custom_margin_last_edited=&#8221;on|phone&#8221; animation_style=&#8221;fade&#8221; z_index=&#8221;999&#8243; always_center_on_mobile=&#8221;on&#8221; global_module=&#8221;550&#8243; saved_tabs=&#8221;all&#8221; _i=&#8221;0&#8243; _address=&#8221;2.0.0.0&#8243;][\/et_pb_image][\/et_pb_column][\/et_pb_row][\/et_pb_section][et_pb_section fb_built=&#8221;1&#8243; custom_padding_last_edited=&#8221;on|desktop&#8221; admin_label=&#8221;Notre engagement&#8221; module_id=&#8221;Notre engagement&#8221; _builder_version=&#8221;3.22.4&#8243; width=&#8221;100%&#8221; custom_margin_phone=&#8221;0px||0px&#8221; custom_margin_last_edited=&#8221;on|desktop&#8221; custom_padding=&#8221;|10%||10%||true&#8221; custom_padding_phone=&#8221;0px||0px&#8221; fb_built=&#8221;1&#8243; _i=&#8221;3&#8243; _address=&#8221;3&#8243;][et_pb_row column_structure=&#8221;1_2,1_2&#8243; padding_left_right_link_1=&#8221;false&#8221; _builder_version=&#8221;3.25&#8243; width=&#8221;100%&#8221; max_width=&#8221;100%&#8221; custom_margin=&#8221;100px|auto||auto||&#8221; _i=&#8221;0&#8243; _address=&#8221;3.0&#8243;][et_pb_column type=&#8221;1_2&#8243; _builder_version=&#8221;3.25&#8243; custom_padding=&#8221;|0px||5%&#8221; custom_padding_phone=&#8221;|||0%&#8221; custom_padding_last_edited=&#8221;on|tablet&#8221; custom_padding__hover=&#8221;|||&#8221; _i=&#8221;0&#8243; _address=&#8221;3.0.0&#8243;][et_pb_text _builder_version=&#8221;3.27.4&#8243; text_font=&#8221;||||||||&#8221; text_font_size=&#8221;1rem&#8221; header_font=&#8221;||||||||&#8221; header_2_font=&#8221;||||||||&#8221; header_2_font_size=&#8221;2rem&#8221; max_width=&#8221;100%&#8221; max_width_last_edited=&#8221;on|desktop&#8221; custom_margin_phone=&#8221;||10%&#8221; custom_margin_last_edited=&#8221;on|desktop&#8221; custom_padding=&#8221;0px|5%||5%||true&#8221; _i=&#8221;0&#8243; _address=&#8221;3.0.0.0&#8243;]<h2>Tonnellerie Baron<\/h2>\r\n<p><b>20, rue des Gillardeaux<br>17100 LES GONDS\r\nFRANCE<\/b><\/p>\r\n<p>\r\nTel : <a href=\"tel:+33546931802\">+33 (0)5 46 93 18 02<\/a><br>Fax : <a href=\"fax:+33546930087\">+33 (0)5 46 93 00 87<\/a><br>Email : <a href=\"mailto:info@tonnelleriebaron.com\">info@tonnelleriebaron.com<\/a>\r\n<\/p>[\/et_pb_text][\/et_pb_column][et_pb_column type=&#8221;1_2&#8243; _builder_version=&#8221;3.25&#8243; custom_padding=&#8221;|||&#8221; custom_padding__hover=&#8221;|||&#8221; _i=&#8221;1&#8243; _address=&#8221;3.0.1&#8243;][et_pb_contact_form email=&#8221;l.kreff@tonnelleriebaron.com&#8221; title=&#8221;Contact us&#8221; custom_message=&#8221;%%name%% (%%email%%) a envoy\u00e9 un message en utilisant le formulaire de contact \u00e0 l&#8217;adresse https:\/\/www.tonnelleriebaron.com\/contact\/||et_pb_line_break_holder||||et_pb_line_break_holder||Le nom et pr\u00e9nom de l&#8217;exp\u00e9diteur :||et_pb_line_break_holder|| %%name%%||et_pb_line_break_holder||||et_pb_line_break_holder||Le courriel de l&#8217;exp\u00e9diteur :||et_pb_line_break_holder||%%email%%||et_pb_line_break_holder||||et_pb_line_break_holder||Sujet :||et_pb_line_break_holder||%%subject%%||et_pb_line_break_holder||||et_pb_line_break_holder||||et_pb_line_break_holder||Message :||et_pb_line_break_holder||%%message%%&#8221; success_message=&#8221;Your message has been sent, Thank you. We will get back to you as soon as possible.&#8221; submit_button_text=&#8221;Send your message&#8221; _builder_version=&#8221;3.29.3&#8243; title_level=&#8221;h2&#8243; title_font=&#8221;||||||||&#8221; title_font_size=&#8221;2rem&#8221; form_field_font=&#8221;||||||||&#8221; custom_padding=&#8221;0px|||||&#8221; hover_enabled=&#8221;0&#8243; _i=&#8221;0&#8243; _address=&#8221;3.0.1.0&#8243;][et_pb_contact_field field_id=&#8221;Name&#8221; field_title=&#8221;Name&#8221; _builder_version=&#8221;3.29.3&#8243; hover_enabled=&#8221;0&#8243; button_text_size__hover_enabled=&#8221;off&#8221; button_one_text_size__hover_enabled=&#8221;off&#8221; button_two_text_size__hover_enabled=&#8221;off&#8221; button_text_color__hover_enabled=&#8221;off&#8221; button_one_text_color__hover_enabled=&#8221;off&#8221; button_two_text_color__hover_enabled=&#8221;off&#8221; button_border_width__hover_enabled=&#8221;off&#8221; button_one_border_width__hover_enabled=&#8221;off&#8221; button_two_border_width__hover_enabled=&#8221;off&#8221; button_border_color__hover_enabled=&#8221;off&#8221; button_one_border_color__hover_enabled=&#8221;off&#8221; button_two_border_color__hover_enabled=&#8221;off&#8221; button_border_radius__hover_enabled=&#8221;off&#8221; button_one_border_radius__hover_enabled=&#8221;off&#8221; button_two_border_radius__hover_enabled=&#8221;off&#8221; button_letter_spacing__hover_enabled=&#8221;off&#8221; button_one_letter_spacing__hover_enabled=&#8221;off&#8221; button_two_letter_spacing__hover_enabled=&#8221;off&#8221; button_bg_color__hover_enabled=&#8221;off&#8221; button_one_bg_color__hover_enabled=&#8221;off&#8221; button_two_bg_color__hover_enabled=&#8221;off&#8221; _i=&#8221;0&#8243; _address=&#8221;3.0.1.0.0&#8243; form_field_text_color=&#8221;#515151&#8243;][\/et_pb_contact_field][et_pb_contact_field field_id=&#8221;Email&#8221; field_title=&#8221;Email&#8221; field_type=&#8221;email&#8221; _builder_version=&#8221;3.29.3&#8243; hover_enabled=&#8221;0&#8243; button_text_size__hover_enabled=&#8221;off&#8221; button_one_text_size__hover_enabled=&#8221;off&#8221; button_two_text_size__hover_enabled=&#8221;off&#8221; button_text_color__hover_enabled=&#8221;off&#8221; button_one_text_color__hover_enabled=&#8221;off&#8221; button_two_text_color__hover_enabled=&#8221;off&#8221; button_border_width__hover_enabled=&#8221;off&#8221; button_one_border_width__hover_enabled=&#8221;off&#8221; button_two_border_width__hover_enabled=&#8221;off&#8221; button_border_color__hover_enabled=&#8221;off&#8221; button_one_border_color__hover_enabled=&#8221;off&#8221; button_two_border_color__hover_enabled=&#8221;off&#8221; button_border_radius__hover_enabled=&#8221;off&#8221; button_one_border_radius__hover_enabled=&#8221;off&#8221; button_two_border_radius__hover_enabled=&#8221;off&#8221; button_letter_spacing__hover_enabled=&#8221;off&#8221; button_one_letter_spacing__hover_enabled=&#8221;off&#8221; button_two_letter_spacing__hover_enabled=&#8221;off&#8221; button_bg_color__hover_enabled=&#8221;off&#8221; button_one_bg_color__hover_enabled=&#8221;off&#8221; button_two_bg_color__hover_enabled=&#8221;off&#8221; _i=&#8221;1&#8243; _address=&#8221;3.0.1.0.1&#8243; form_field_text_color=&#8221;#515151&#8243;][\/et_pb_contact_field][et_pb_contact_field field_id=&#8221;Subject&#8221; field_title=&#8221;Subject&#8221; fullwidth_field=&#8221;on&#8221; _builder_version=&#8221;3.29.3&#8243; hover_enabled=&#8221;0&#8243; _i=&#8221;2&#8243; _address=&#8221;3.0.1.0.2&#8243; form_field_text_color=&#8221;#515151&#8243;][\/et_pb_contact_field][et_pb_contact_field field_id=&#8221;Message&#8221; field_title=&#8221;Message&#8221; field_type=&#8221;text&#8221; fullwidth_field=&#8221;on&#8221; _builder_version=&#8221;3.29.3&#8243; hover_enabled=&#8221;0&#8243; button_text_size__hover_enabled=&#8221;off&#8221; button_one_text_size__hover_enabled=&#8221;off&#8221; button_two_text_size__hover_enabled=&#8221;off&#8221; button_text_color__hover_enabled=&#8221;off&#8221; button_one_text_color__hover_enabled=&#8221;off&#8221; button_two_text_color__hover_enabled=&#8221;off&#8221; button_border_width__hover_enabled=&#8221;off&#8221; button_one_border_width__hover_enabled=&#8221;off&#8221; button_two_border_width__hover_enabled=&#8221;off&#8221; button_border_color__hover_enabled=&#8221;off&#8221; button_one_border_color__hover_enabled=&#8221;off&#8221; button_two_border_color__hover_enabled=&#8221;off&#8221; button_border_radius__hover_enabled=&#8221;off&#8221; button_one_border_radius__hover_enabled=&#8221;off&#8221; button_two_border_radius__hover_enabled=&#8221;off&#8221; button_letter_spacing__hover_enabled=&#8221;off&#8221; button_one_letter_spacing__hover_enabled=&#8221;off&#8221; button_two_letter_spacing__hover_enabled=&#8221;off&#8221; button_bg_color__hover_enabled=&#8221;off&#8221; button_one_bg_color__hover_enabled=&#8221;off&#8221; button_two_bg_color__hover_enabled=&#8221;off&#8221; _i=&#8221;3&#8243; _address=&#8221;3.0.1.0.3&#8243; form_field_text_color=&#8221;#515151&#8243;][\/et_pb_contact_field][\/et_pb_contact_form][\/et_pb_column][\/et_pb_row][et_pb_row _builder_version=&#8221;3.25&#8243; width=&#8221;100%&#8221; max_width=&#8221;100%&#8221; _i=&#8221;1&#8243; _address=&#8221;3.1&#8243;][et_pb_column type=&#8221;4_4&#8243; _builder_version=&#8221;3.25&#8243; custom_padding=&#8221;|||&#8221; custom_padding__hover=&#8221;|||&#8221; _i=&#8221;0&#8243; _address=&#8221;3.1.0&#8243;][et_pb_map address=&#8221;saintes&#8221; zoom_level=&#8221;10&#8243; address_lat=&#8221;45.782650899887&#8243; address_lng=&#8221;-0.69247116562497&#8243; mouse_wheel=&#8221;off&#8221; use_grayscale_filter=&#8221;on&#8221; grayscale_filter_amount=&#8221;100&#8243; _builder_version=&#8221;3.22.5&#8243; custom_margin=&#8221;38px|||||&#8221; custom_padding=&#8221;||44px|||&#8221; child_filter_saturate=&#8221;0%&#8221; child_filter_contrast=&#8221;108%&#8221; _i=&#8221;0&#8243; _address=&#8221;3.1.0.0&#8243;][et_pb_map_pin title=&#8221;Tonnellerie baron&#8221; pin_address=&#8221;20 Rue des Gillardeaux, 17100 Les Gonds, France&#8221; pin_address_lat=&#8221;45.7190708&#8243; pin_address_lng=&#8221;-0.62795180000001&#8243; _builder_version=&#8221;3.22.5&#8243; _i=&#8221;0&#8243; _address=&#8221;3.1.0.0.0&#8243;][\/et_pb_map_pin][\/et_pb_map][\/et_pb_column][\/et_pb_row][\/et_pb_section]","protected":false},"excerpt":{"rendered":"<p><div class=\"selecteur-langues\"><a href=\"\/contact\">FR<\/a>  \/ <a href=\"\/es\/contact\">ES<\/a>  \/ <a href=\"\/it\/contact\">IT<\/a><\/div>\nTonnellerie Baron 20, rue des Gillardeaux17100 LES GONDS FRANCE Tel : +33 (0)5 46 93 18 02Fax : +33 (0)5 46 93 00 87Email : info@tonnelleriebaron.com<\/p>\n","protected":false},"author":1,"featured_media":0,"parent":0,"menu_order":0,"comment_status":"closed","ping_status":"closed","template":"","meta":{"_et_pb_use_builder":"on","_et_pb_old_content":"<!-- wp:divi\/placeholder \/-->","_et_gb_content_width":"","footnotes":""},"class_list":["post-2468","page","type-page","status-publish","hentry"],"yoast_head":"<!-- This site is optimized with the Yoast SEO plugin v25.8 - https:\/\/yoast.com\/wordpress\/plugins\/seo\/ -->\n<title>Contact | Tonnellerie Baron<\/title>\n<meta name=\"description\" content=\"Contact | Depuis 1875, la Tonnellerie Baron perp\u00e9tue une tradition d&#039;excellence dans la s\u00e9lection de ch\u00eanes de haute qualit\u00e9 et la fabrication de barriques d&#039;exception. | Tonnellerie Baron\" \/>\n<meta name=\"robots\" content=\"index, follow, max-snippet:-1, max-image-preview:large, max-video-preview:-1\" \/>\n<link rel=\"canonical\" href=\"https:\/\/www.tonnelleriebaron.com\/en\/contact\/\" \/>\n<meta property=\"og:locale\" content=\"en_US\" \/>\n<meta property=\"og:type\" content=\"article\" \/>\n<meta property=\"og:title\" content=\"Contact | Tonnellerie Baron\" \/>\n<meta property=\"og:description\" content=\"Contact | Depuis 1875, la Tonnellerie Baron perp\u00e9tue une tradition d&#039;excellence dans la s\u00e9lection de ch\u00eanes de haute qualit\u00e9 et la fabrication de barriques d&#039;exception. | Tonnellerie Baron\" \/>\n<meta property=\"og:url\" content=\"https:\/\/www.tonnelleriebaron.com\/en\/contact\/\" \/>\n<meta property=\"og:site_name\" content=\"Tonnellerie Baron\" \/>\n<meta property=\"article:modified_time\" content=\"2019-09-30T08:28:52+00:00\" \/>\n<meta property=\"og:image\" content=\"https:\/\/www.tonnelleriebaron.com\/wp-content\/uploads\/2020\/05\/TB_OpenGraph_IMG_CARRE.jpg\" \/>\n\t<meta property=\"og:image:width\" content=\"600\" \/>\n\t<meta property=\"og:image:height\" content=\"600\" \/>\n\t<meta property=\"og:image:type\" content=\"image\/jpeg\" \/>\n<meta name=\"twitter:card\" content=\"summary_large_image\" \/>\n<meta name=\"twitter:label1\" content=\"Est. reading time\" \/>\n\t<meta name=\"twitter:data1\" content=\"7 minutes\" \/>\n<script type=\"application\/ld+json\" class=\"yoast-schema-graph\">{\"@context\":\"https:\/\/schema.org\",\"@graph\":[{\"@type\":\"WebPage\",\"@id\":\"https:\/\/www.tonnelleriebaron.com\/en\/contact\/\",\"url\":\"https:\/\/www.tonnelleriebaron.com\/en\/contact\/\",\"name\":\"Contact | Tonnellerie Baron\",\"isPartOf\":{\"@id\":\"https:\/\/www.tonnelleriebaron.com\/en\/#website\"},\"datePublished\":\"2019-06-18T20:09:23+00:00\",\"dateModified\":\"2019-09-30T08:28:52+00:00\",\"description\":\"Contact | Depuis 1875, la Tonnellerie Baron perp\u00e9tue une tradition d'excellence dans la s\u00e9lection de ch\u00eanes de haute qualit\u00e9 et la fabrication de barriques d'exception. | Tonnellerie Baron\",\"breadcrumb\":{\"@id\":\"https:\/\/www.tonnelleriebaron.com\/en\/contact\/#breadcrumb\"},\"inLanguage\":\"en-US\",\"potentialAction\":[{\"@type\":\"ReadAction\",\"target\":[\"https:\/\/www.tonnelleriebaron.com\/en\/contact\/\"]}]},{\"@type\":\"BreadcrumbList\",\"@id\":\"https:\/\/www.tonnelleriebaron.com\/en\/contact\/#breadcrumb\",\"itemListElement\":[{\"@type\":\"ListItem\",\"position\":1,\"name\":\"Accueil\",\"item\":\"https:\/\/www.tonnelleriebaron.com\/en\/\"},{\"@type\":\"ListItem\",\"position\":2,\"name\":\"Contact\"}]},{\"@type\":\"WebSite\",\"@id\":\"https:\/\/www.tonnelleriebaron.com\/en\/#website\",\"url\":\"https:\/\/www.tonnelleriebaron.com\/en\/\",\"name\":\"Tonnellerie Baron\",\"description\":\"140 ans de passion au service de vins d&#039;exception.\",\"publisher\":{\"@id\":\"https:\/\/www.tonnelleriebaron.com\/en\/#organization\"},\"potentialAction\":[{\"@type\":\"SearchAction\",\"target\":{\"@type\":\"EntryPoint\",\"urlTemplate\":\"https:\/\/www.tonnelleriebaron.com\/en\/?s={search_term_string}\"},\"query-input\":{\"@type\":\"PropertyValueSpecification\",\"valueRequired\":true,\"valueName\":\"search_term_string\"}}],\"inLanguage\":\"en-US\"},{\"@type\":\"Organization\",\"@id\":\"https:\/\/www.tonnelleriebaron.com\/en\/#organization\",\"name\":\"Tonnellerie Baron\",\"url\":\"https:\/\/www.tonnelleriebaron.com\/en\/\",\"logo\":{\"@type\":\"ImageObject\",\"inLanguage\":\"en-US\",\"@id\":\"https:\/\/www.tonnelleriebaron.com\/en\/#\/schema\/logo\/image\/\",\"url\":\"https:\/\/www.tonnelleriebaron.com\/wp-content\/uploads\/2019\/06\/LOGO-TONNELLERIE-BARON-PM874-INSPIRE\u0301E-par-NATURE2.png\",\"contentUrl\":\"https:\/\/www.tonnelleriebaron.com\/wp-content\/uploads\/2019\/06\/LOGO-TONNELLERIE-BARON-PM874-INSPIRE\u0301E-par-NATURE2.png\",\"width\":1302,\"height\":483,\"caption\":\"Tonnellerie Baron\"},\"image\":{\"@id\":\"https:\/\/www.tonnelleriebaron.com\/en\/#\/schema\/logo\/image\/\"},\"sameAs\":[\"https:\/\/www.instagram.com\/tonnelleriebaron\",\"https:\/\/www.linkedin.com\/company\/tonnellerie-baron\"]}]}<\/script>\n<!-- \/ Yoast SEO plugin. -->","yoast_head_json":{"title":"Contact | Tonnellerie Baron","description":"Contact | Depuis 1875, la Tonnellerie Baron perp\u00e9tue une tradition d'excellence dans la s\u00e9lection de ch\u00eanes de haute qualit\u00e9 et la fabrication de barriques d'exception. | Tonnellerie Baron","robots":{"index":"index","follow":"follow","max-snippet":"max-snippet:-1","max-image-preview":"max-image-preview:large","max-video-preview":"max-video-preview:-1"},"canonical":"https:\/\/www.tonnelleriebaron.com\/en\/contact\/","og_locale":"en_US","og_type":"article","og_title":"Contact | Tonnellerie Baron","og_description":"Contact | Depuis 1875, la Tonnellerie Baron perp\u00e9tue une tradition d'excellence dans la s\u00e9lection de ch\u00eanes de haute qualit\u00e9 et la fabrication de barriques d'exception. | Tonnellerie Baron","og_url":"https:\/\/www.tonnelleriebaron.com\/en\/contact\/","og_site_name":"Tonnellerie Baron","article_modified_time":"2019-09-30T08:28:52+00:00","og_image":[{"width":600,"height":600,"url":"https:\/\/www.tonnelleriebaron.com\/wp-content\/uploads\/2020\/05\/TB_OpenGraph_IMG_CARRE.jpg","type":"image\/jpeg"}],"twitter_card":"summary_large_image","twitter_misc":{"Est. reading time":"7 minutes"},"schema":{"@context":"https:\/\/schema.org","@graph":[{"@type":"WebPage","@id":"https:\/\/www.tonnelleriebaron.com\/en\/contact\/","url":"https:\/\/www.tonnelleriebaron.com\/en\/contact\/","name":"Contact | Tonnellerie Baron","isPartOf":{"@id":"https:\/\/www.tonnelleriebaron.com\/en\/#website"},"datePublished":"2019-06-18T20:09:23+00:00","dateModified":"2019-09-30T08:28:52+00:00","description":"Contact | Depuis 1875, la Tonnellerie Baron perp\u00e9tue une tradition d'excellence dans la s\u00e9lection de ch\u00eanes de haute qualit\u00e9 et la fabrication de barriques d'exception. | Tonnellerie Baron","breadcrumb":{"@id":"https:\/\/www.tonnelleriebaron.com\/en\/contact\/#breadcrumb"},"inLanguage":"en-US","potentialAction":[{"@type":"ReadAction","target":["https:\/\/www.tonnelleriebaron.com\/en\/contact\/"]}]},{"@type":"BreadcrumbList","@id":"https:\/\/www.tonnelleriebaron.com\/en\/contact\/#breadcrumb","itemListElement":[{"@type":"ListItem","position":1,"name":"Accueil","item":"https:\/\/www.tonnelleriebaron.com\/en\/"},{"@type":"ListItem","position":2,"name":"Contact"}]},{"@type":"WebSite","@id":"https:\/\/www.tonnelleriebaron.com\/en\/#website","url":"https:\/\/www.tonnelleriebaron.com\/en\/","name":"Tonnellerie Baron","description":"140 ans de passion au service de vins d&#039;exception.","publisher":{"@id":"https:\/\/www.tonnelleriebaron.com\/en\/#organization"},"potentialAction":[{"@type":"SearchAction","target":{"@type":"EntryPoint","urlTemplate":"https:\/\/www.tonnelleriebaron.com\/en\/?s={search_term_string}"},"query-input":{"@type":"PropertyValueSpecification","valueRequired":true,"valueName":"search_term_string"}}],"inLanguage":"en-US"},{"@type":"Organization","@id":"https:\/\/www.tonnelleriebaron.com\/en\/#organization","name":"Tonnellerie Baron","url":"https:\/\/www.tonnelleriebaron.com\/en\/","logo":{"@type":"ImageObject","inLanguage":"en-US","@id":"https:\/\/www.tonnelleriebaron.com\/en\/#\/schema\/logo\/image\/","url":"https:\/\/www.tonnelleriebaron.com\/wp-content\/uploads\/2019\/06\/LOGO-TONNELLERIE-BARON-PM874-INSPIRE\u0301E-par-NATURE2.png","contentUrl":"https:\/\/www.tonnelleriebaron.com\/wp-content\/uploads\/2019\/06\/LOGO-TONNELLERIE-BARON-PM874-INSPIRE\u0301E-par-NATURE2.png","width":1302,"height":483,"caption":"Tonnellerie Baron"},"image":{"@id":"https:\/\/www.tonnelleriebaron.com\/en\/#\/schema\/logo\/image\/"},"sameAs":["https:\/\/www.instagram.com\/tonnelleriebaron","https:\/\/www.linkedin.com\/company\/tonnellerie-baron"]}]}},"_links":{"self":[{"href":"https:\/\/www.tonnelleriebaron.com\/en\/wp-json\/wp\/v2\/pages\/2468","targetHints":{"allow":["GET"]}}],"collection":[{"href":"https:\/\/www.tonnelleriebaron.com\/en\/wp-json\/wp\/v2\/pages"}],"about":[{"href":"https:\/\/www.tonnelleriebaron.com\/en\/wp-json\/wp\/v2\/types\/page"}],"author":[{"embeddable":true,"href":"https:\/\/www.tonnelleriebaron.com\/en\/wp-json\/wp\/v2\/users\/1"}],"replies":[{"embeddable":true,"href":"https:\/\/www.tonnelleriebaron.com\/en\/wp-json\/wp\/v2\/comments?post=2468"}],"version-history":[{"count":0,"href":"https:\/\/www.tonnelleriebaron.com\/en\/wp-json\/wp\/v2\/pages\/2468\/revisions"}],"wp:attachment":[{"href":"https:\/\/www.tonnelleriebaron.com\/en\/wp-json\/wp\/v2\/media?parent=2468"}],"curies":[{"name":"wp","href":"https:\/\/api.w.org\/{rel}","templated":true}]}}