{"id":2608,"date":"2019-06-19T23:14:27","date_gmt":"2019-06-19T21:14:27","guid":{"rendered":"https:\/\/www.tonnelleriebaron.com\/contacto\/"},"modified":"2019-09-30T10:42:42","modified_gmt":"2019-09-30T08:42:42","slug":"contacto","status":"publish","type":"page","link":"https:\/\/www.tonnelleriebaron.com\/es\/contacto\/","title":{"rendered":"Contacto"},"content":{"rendered":"[et_pb_section fb_built=\u00bb1&#8243; admin_label=\u00bbsection\u00bb _builder_version=\u00bb3.22.3&#8243; fb_built=\u00bb1&#8243; _i=\u00bb0&#8243; _address=\u00bb0&#8243;][et_pb_row admin_label=\u00bbrow\u00bb _builder_version=\u00bb3.25&#8243; background_size=\u00bbinitial\u00bb background_position=\u00bbtop_left\u00bb background_repeat=\u00bbrepeat\u00bb _i=\u00bb0&#8243; _address=\u00bb0.0&#8243;][et_pb_column type=\u00bb4_4&#8243; _builder_version=\u00bb3.25&#8243; custom_padding=\u00bb|||\u00bb custom_padding__hover=\u00bb|||\u00bb _i=\u00bb0&#8243; _address=\u00bb0.0.0&#8243;][et_pb_text admin_label=\u00bbText\u00bb _builder_version=\u00bb3.27.4&#8243; background_size=\u00bbinitial\u00bb background_position=\u00bbtop_left\u00bb background_repeat=\u00bbrepeat\u00bb _i=\u00bb0&#8243; _address=\u00bb0.0.0.0&#8243;][\/et_pb_text][\/et_pb_column][\/et_pb_row][\/et_pb_section][et_pb_section fb_built=\u00bb1&#8243; disabled_on=\u00bbon|off|off\u00bb admin_label=\u00bbLanguages switcher\u00bb _builder_version=\u00bb3.24&#8243; custom_margin=\u00bb0px||\u00bb custom_margin_tablet=\u00bb-15px|35%||0px\u00bb custom_margin_phone=\u00bb0px|0%|0px|\u00bb custom_margin_last_edited=\u00bbon|phone\u00bb custom_padding=\u00bb0|0px|0px|0px|false|false\u00bb global_module=\u00bb593&#8243; collapsed=\u00bbon\u00bb fb_built=\u00bb1&#8243; _i=\u00bb1&#8243; _address=\u00bb1&#8243;][et_pb_row admin_label=\u00bbRow\u00bb module_class=\u00bb et_pb_row_fullwidth\u00bb _builder_version=\u00bb3.25&#8243; width=\u00bb100%\u00bb width_tablet=\u00bb100%\u00bb width_last_edited=\u00bbon|desktop\u00bb max_width=\u00bb100%\u00bb max_width_tablet=\u00bb100%\u00bb max_width_last_edited=\u00bbon|desktop\u00bb custom_padding=\u00bb|82px|||false|false\u00bb make_fullwidth=\u00bbon\u00bb _i=\u00bb0&#8243; _address=\u00bb1.0&#8243;][et_pb_column type=\u00bb4_4&#8243; _builder_version=\u00bb3.25&#8243; custom_padding=\u00bb|||\u00bb _i=\u00bb0&#8243; _address=\u00bb1.0.0&#8243; custom_padding__hover=\u00bb|||\u00bb][et_pb_code _builder_version=\u00bb3.19.18&#8243; text_orientation=\u00bbright\u00bb custom_margin=\u00bb0px||\u00bb animation_style=\u00bbfade\u00bb animation_duration=\u00bb1950ms\u00bb animation_delay=\u00bb150ms\u00bb _i=\u00bb0&#8243; _address=\u00bb1.0.0.0&#8243;]<div class=\"selecteur-langues\"><a href=\"\/contacto\">FR<\/a> \/ <a href=\"\/en\/contacto\">EN<\/a>  \/ <a href=\"\/it\/contacto\">IT<\/a><\/div>\n[\/et_pb_code][\/et_pb_column][\/et_pb_row][\/et_pb_section][et_pb_section fb_built=\u00bb1&#8243; disabled_on=\u00bbon|on|off\u00bb _builder_version=\u00bb3.22.3&#8243; custom_margin_tablet=\u00bb0px||0px\u00bb custom_margin_last_edited=\u00bbon|tablet\u00bb fb_built=\u00bb1&#8243; _i=\u00bb2&#8243; _address=\u00bb2&#8243;][et_pb_row _builder_version=\u00bb3.25&#8243; _i=\u00bb0&#8243; _address=\u00bb2.0&#8243;][et_pb_column type=\u00bb4_4&#8243; _builder_version=\u00bb3.25&#8243; custom_padding=\u00bb|||\u00bb custom_padding__hover=\u00bb|||\u00bb _i=\u00bb0&#8243; _address=\u00bb2.0.0&#8243;][et_pb_image src=\u00bbhttps:\/\/www.tonnelleriebaron.com\/wp-content\/uploads\/2019\/06\/LOGO-TONNELLERIE-BARON-PM874-INSPIRE\u0301E-par-NATURE2.png\u00bb url=\u00bb\/es\/\u00bb align=\u00bbcenter\u00bb align_tablet=\u00bbcenter\u00bb align_last_edited=\u00bbon|desktop\u00bb disabled_on=\u00bbon|off|off\u00bb admin_label=\u00bbLOGO BARON\u00bb _builder_version=\u00bb3.25.3&#8243; width=\u00bb100%\u00bb max_width=\u00bb20%\u00bb max_width_phone=\u00bb65%\u00bb max_width_last_edited=\u00bboff|desktop\u00bb module_alignment=\u00bbcenter\u00bb custom_margin=\u00bb0%||\u00bb custom_margin_phone=\u00bb-30%||0px||false\u00bb custom_margin_last_edited=\u00bbon|phone\u00bb animation_style=\u00bbfade\u00bb z_index=\u00bb999&#8243; always_center_on_mobile=\u00bbon\u00bb global_module=\u00bb550&#8243; saved_tabs=\u00bball\u00bb _i=\u00bb0&#8243; _address=\u00bb2.0.0.0&#8243;][\/et_pb_image][\/et_pb_column][\/et_pb_row][\/et_pb_section][et_pb_section fb_built=\u00bb1&#8243; custom_padding_last_edited=\u00bbon|desktop\u00bb admin_label=\u00bbNotre engagement\u00bb module_id=\u00bbNotre engagement\u00bb _builder_version=\u00bb3.22.4&#8243; width=\u00bb100%\u00bb custom_margin_phone=\u00bb0px||0px\u00bb custom_margin_last_edited=\u00bbon|desktop\u00bb custom_padding=\u00bb|10%||10%||true\u00bb custom_padding_phone=\u00bb0px||0px\u00bb fb_built=\u00bb1&#8243; _i=\u00bb3&#8243; _address=\u00bb3&#8243;][et_pb_row column_structure=\u00bb1_2,1_2&#8243; padding_left_right_link_1=\u00bbfalse\u00bb _builder_version=\u00bb3.25&#8243; width=\u00bb100%\u00bb max_width=\u00bb100%\u00bb custom_margin=\u00bb100px|auto||auto||\u00bb _i=\u00bb0&#8243; _address=\u00bb3.0&#8243;][et_pb_column type=\u00bb1_2&#8243; _builder_version=\u00bb3.25&#8243; custom_padding=\u00bb|0px||5%\u00bb custom_padding_phone=\u00bb|||0%\u00bb custom_padding_last_edited=\u00bbon|tablet\u00bb custom_padding__hover=\u00bb|||\u00bb _i=\u00bb0&#8243; _address=\u00bb3.0.0&#8243;][et_pb_text _builder_version=\u00bb3.27.4&#8243; text_font=\u00bb||||||||\u00bb text_font_size=\u00bb1rem\u00bb header_font=\u00bb||||||||\u00bb header_2_font=\u00bb||||||||\u00bb header_2_font_size=\u00bb2rem\u00bb max_width=\u00bb100%\u00bb max_width_last_edited=\u00bbon|desktop\u00bb custom_margin_phone=\u00bb||10%\u00bb custom_margin_last_edited=\u00bbon|desktop\u00bb custom_padding=\u00bb0px|5%||5%||true\u00bb _i=\u00bb0&#8243; _address=\u00bb3.0.0.0&#8243;]<h2>Tonnellerie Baron<\/h2>\r\n<p><b>20, rue des Gillardeaux<br>17100 LES GONDS\r\nFRANCE<\/b><\/p>\r\n<p>\r\nTel : <a href=\"tel:+33546931802\">+33 (0)5 46 93 18 02<\/a><br>Fax : <a href=\"fax:+33546930087\">+33 (0)5 46 93 00 87<\/a><br>Email : <a href=\"mailto:info@tonnelleriebaron.com\">info@tonnelleriebaron.com<\/a>\r\n<\/p>[\/et_pb_text][\/et_pb_column][et_pb_column type=\u00bb1_2&#8243; _builder_version=\u00bb3.25&#8243; custom_padding=\u00bb|||\u00bb custom_padding__hover=\u00bb|||\u00bb _i=\u00bb1&#8243; _address=\u00bb3.0.1&#8243;][et_pb_contact_form email=\u00bbl.kreff@tonnelleriebaron.com\u00bb title=\u00bbContactar con nosotros\u00bb custom_message=\u00bb%%name%% (%%email%%) a envoy\u00e9 un message en utilisant le formulaire de contact \u00e0 l&#8217;adresse https:\/\/www.tonnelleriebaron.com\/contact\/||et_pb_line_break_holder||||et_pb_line_break_holder||Le nom et pr\u00e9nom de l&#8217;exp\u00e9diteur :||et_pb_line_break_holder|| %%name%%||et_pb_line_break_holder||||et_pb_line_break_holder||Le courriel de l&#8217;exp\u00e9diteur :||et_pb_line_break_holder||%%email%%||et_pb_line_break_holder||||et_pb_line_break_holder||Sujet :||et_pb_line_break_holder||%%subject%%||et_pb_line_break_holder||||et_pb_line_break_holder||||et_pb_line_break_holder||Message :||et_pb_line_break_holder||%%message%%\u00bb success_message=\u00bbNous avons bien re\u00e7u votre message. Merci ! Nous vous r\u00e9pondrons dans les plus brefs d\u00e9lais.\u00bb submit_button_text=\u00bbEnviar su mensaje\u00bb _builder_version=\u00bb3.29.3&#8243; title_level=\u00bbh2&#8243; title_font=\u00bb||||||||\u00bb title_font_size=\u00bb2rem\u00bb form_field_font=\u00bb||||||||\u00bb custom_padding=\u00bb0px|||||\u00bb hover_enabled=\u00bb0&#8243; _i=\u00bb0&#8243; _address=\u00bb3.0.1.0&#8243;][et_pb_contact_field field_id=\u00bbName\u00bb field_title=\u00bbNombre\u00bb _builder_version=\u00bb3.29.3&#8243; hover_enabled=\u00bb0&#8243; button_text_size__hover_enabled=\u00bboff\u00bb button_one_text_size__hover_enabled=\u00bboff\u00bb button_two_text_size__hover_enabled=\u00bboff\u00bb button_text_color__hover_enabled=\u00bboff\u00bb button_one_text_color__hover_enabled=\u00bboff\u00bb button_two_text_color__hover_enabled=\u00bboff\u00bb button_border_width__hover_enabled=\u00bboff\u00bb button_one_border_width__hover_enabled=\u00bboff\u00bb button_two_border_width__hover_enabled=\u00bboff\u00bb button_border_color__hover_enabled=\u00bboff\u00bb button_one_border_color__hover_enabled=\u00bboff\u00bb button_two_border_color__hover_enabled=\u00bboff\u00bb button_border_radius__hover_enabled=\u00bboff\u00bb button_one_border_radius__hover_enabled=\u00bboff\u00bb button_two_border_radius__hover_enabled=\u00bboff\u00bb button_letter_spacing__hover_enabled=\u00bboff\u00bb button_one_letter_spacing__hover_enabled=\u00bboff\u00bb button_two_letter_spacing__hover_enabled=\u00bboff\u00bb button_bg_color__hover_enabled=\u00bboff\u00bb button_one_bg_color__hover_enabled=\u00bboff\u00bb button_two_bg_color__hover_enabled=\u00bboff\u00bb _i=\u00bb0&#8243; _address=\u00bb3.0.1.0.0&#8243; form_field_text_color=\u00bb#515151&#8243;][\/et_pb_contact_field][et_pb_contact_field field_id=\u00bbEmail\u00bb field_title=\u00bbCorreo electr\u00f3nico\u00bb field_type=\u00bbemail\u00bb _builder_version=\u00bb3.29.3&#8243; hover_enabled=\u00bb0&#8243; button_text_size__hover_enabled=\u00bboff\u00bb button_one_text_size__hover_enabled=\u00bboff\u00bb button_two_text_size__hover_enabled=\u00bboff\u00bb button_text_color__hover_enabled=\u00bboff\u00bb button_one_text_color__hover_enabled=\u00bboff\u00bb button_two_text_color__hover_enabled=\u00bboff\u00bb button_border_width__hover_enabled=\u00bboff\u00bb button_one_border_width__hover_enabled=\u00bboff\u00bb button_two_border_width__hover_enabled=\u00bboff\u00bb button_border_color__hover_enabled=\u00bboff\u00bb button_one_border_color__hover_enabled=\u00bboff\u00bb button_two_border_color__hover_enabled=\u00bboff\u00bb button_border_radius__hover_enabled=\u00bboff\u00bb button_one_border_radius__hover_enabled=\u00bboff\u00bb button_two_border_radius__hover_enabled=\u00bboff\u00bb button_letter_spacing__hover_enabled=\u00bboff\u00bb button_one_letter_spacing__hover_enabled=\u00bboff\u00bb button_two_letter_spacing__hover_enabled=\u00bboff\u00bb button_bg_color__hover_enabled=\u00bboff\u00bb button_one_bg_color__hover_enabled=\u00bboff\u00bb button_two_bg_color__hover_enabled=\u00bboff\u00bb _i=\u00bb1&#8243; _address=\u00bb3.0.1.0.1&#8243; form_field_text_color=\u00bb#515151&#8243;][\/et_pb_contact_field][et_pb_contact_field field_id=\u00bbSubject\u00bb field_title=\u00bbObjeto\u00bb fullwidth_field=\u00bbon\u00bb _builder_version=\u00bb3.29.3&#8243; hover_enabled=\u00bb0&#8243; _i=\u00bb2&#8243; _address=\u00bb3.0.1.0.2&#8243; form_field_text_color=\u00bb#515151&#8243;][\/et_pb_contact_field][et_pb_contact_field field_id=\u00bbMessage\u00bb field_title=\u00bbMensaje\u00bb field_type=\u00bbtext\u00bb fullwidth_field=\u00bbon\u00bb _builder_version=\u00bb3.29.3&#8243; hover_enabled=\u00bb0&#8243; button_text_size__hover_enabled=\u00bboff\u00bb button_one_text_size__hover_enabled=\u00bboff\u00bb button_two_text_size__hover_enabled=\u00bboff\u00bb button_text_color__hover_enabled=\u00bboff\u00bb button_one_text_color__hover_enabled=\u00bboff\u00bb button_two_text_color__hover_enabled=\u00bboff\u00bb button_border_width__hover_enabled=\u00bboff\u00bb button_one_border_width__hover_enabled=\u00bboff\u00bb button_two_border_width__hover_enabled=\u00bboff\u00bb button_border_color__hover_enabled=\u00bboff\u00bb button_one_border_color__hover_enabled=\u00bboff\u00bb button_two_border_color__hover_enabled=\u00bboff\u00bb button_border_radius__hover_enabled=\u00bboff\u00bb button_one_border_radius__hover_enabled=\u00bboff\u00bb button_two_border_radius__hover_enabled=\u00bboff\u00bb button_letter_spacing__hover_enabled=\u00bboff\u00bb button_one_letter_spacing__hover_enabled=\u00bboff\u00bb button_two_letter_spacing__hover_enabled=\u00bboff\u00bb button_bg_color__hover_enabled=\u00bboff\u00bb button_one_bg_color__hover_enabled=\u00bboff\u00bb button_two_bg_color__hover_enabled=\u00bboff\u00bb _i=\u00bb3&#8243; _address=\u00bb3.0.1.0.3&#8243; form_field_text_color=\u00bb#515151&#8243;][\/et_pb_contact_field][\/et_pb_contact_form][\/et_pb_column][\/et_pb_row][et_pb_row _builder_version=\u00bb3.25&#8243; width=\u00bb100%\u00bb max_width=\u00bb100%\u00bb _i=\u00bb1&#8243; _address=\u00bb3.1&#8243;][et_pb_column type=\u00bb4_4&#8243; _builder_version=\u00bb3.25&#8243; custom_padding=\u00bb|||\u00bb custom_padding__hover=\u00bb|||\u00bb _i=\u00bb0&#8243; _address=\u00bb3.1.0&#8243;][et_pb_map address=\u00bbsaintes\u00bb zoom_level=\u00bb10&#8243; address_lat=\u00bb45.782650899887&#8243; address_lng=\u00bb-0.69247116562497&#8243; mouse_wheel=\u00bboff\u00bb use_grayscale_filter=\u00bbon\u00bb grayscale_filter_amount=\u00bb100&#8243; _builder_version=\u00bb3.22.5&#8243; custom_margin=\u00bb38px|||||\u00bb custom_padding=\u00bb||44px|||\u00bb child_filter_saturate=\u00bb0%\u00bb child_filter_contrast=\u00bb108%\u00bb _i=\u00bb0&#8243; _address=\u00bb3.1.0.0&#8243;][et_pb_map_pin title=\u00bbTonnellerie baron\u00bb pin_address=\u00bb20 Rue des Gillardeaux, 17100 Les Gonds, France\u00bb pin_address_lat=\u00bb45.7190708&#8243; pin_address_lng=\u00bb-0.62795180000001&#8243; _builder_version=\u00bb3.22.5&#8243; _i=\u00bb0&#8243; _address=\u00bb3.1.0.0.0&#8243;][\/et_pb_map_pin][\/et_pb_map][\/et_pb_column][\/et_pb_row][\/et_pb_section]","protected":false},"excerpt":{"rendered":"<p><div class=\"selecteur-langues\"><a href=\"\/contacto\">FR<\/a> \/ <a href=\"\/en\/contacto\">EN<\/a>  \/ <a href=\"\/it\/contacto\">IT<\/a><\/div>\nTonnellerie Baron 20, rue des Gillardeaux17100 LES GONDS FRANCE Tel : +33 (0)5 46 93 18 02Fax : +33 (0)5 46 93 00 87Email : info@tonnelleriebaron.com<\/p>\n","protected":false},"author":1,"featured_media":0,"parent":0,"menu_order":0,"comment_status":"closed","ping_status":"closed","template":"","meta":{"_et_pb_use_builder":"on","_et_pb_old_content":"<!-- wp:divi\/placeholder \/-->","_et_gb_content_width":"","footnotes":""},"class_list":["post-2608","page","type-page","status-publish","hentry"],"yoast_head":"<!-- This site is optimized with the Yoast SEO plugin v25.8 - https:\/\/yoast.com\/wordpress\/plugins\/seo\/ -->\n<title>Contacto | Tonnellerie Baron<\/title>\n<meta name=\"description\" content=\"Contacto | Depuis 1875, la Tonnellerie Baron perp\u00e9tue une tradition d&#039;excellence dans la s\u00e9lection de ch\u00eanes de haute qualit\u00e9 et la fabrication de barriques d&#039;exception. | Tonnellerie Baron\" \/>\n<meta name=\"robots\" content=\"index, follow, max-snippet:-1, max-image-preview:large, max-video-preview:-1\" \/>\n<link rel=\"canonical\" href=\"https:\/\/www.tonnelleriebaron.com\/es\/contacto\/\" \/>\n<meta property=\"og:locale\" content=\"es_ES\" \/>\n<meta property=\"og:type\" content=\"article\" \/>\n<meta property=\"og:title\" content=\"Contacto | Tonnellerie Baron\" \/>\n<meta property=\"og:description\" content=\"Contacto | Depuis 1875, la Tonnellerie Baron perp\u00e9tue une tradition d&#039;excellence dans la s\u00e9lection de ch\u00eanes de haute qualit\u00e9 et la fabrication de barriques d&#039;exception. | Tonnellerie Baron\" \/>\n<meta property=\"og:url\" content=\"https:\/\/www.tonnelleriebaron.com\/es\/contacto\/\" \/>\n<meta property=\"og:site_name\" content=\"Tonnellerie Baron\" \/>\n<meta property=\"article:modified_time\" content=\"2019-09-30T08:42:42+00:00\" \/>\n<meta property=\"og:image\" content=\"https:\/\/www.tonnelleriebaron.com\/wp-content\/uploads\/2020\/05\/TB_OpenGraph_IMG_CARRE.jpg\" \/>\n\t<meta property=\"og:image:width\" content=\"600\" \/>\n\t<meta property=\"og:image:height\" content=\"600\" \/>\n\t<meta property=\"og:image:type\" content=\"image\/jpeg\" \/>\n<meta name=\"twitter:card\" content=\"summary_large_image\" \/>\n<meta name=\"twitter:label1\" content=\"Tiempo de lectura\" \/>\n\t<meta name=\"twitter:data1\" content=\"7 minutos\" \/>\n<script type=\"application\/ld+json\" class=\"yoast-schema-graph\">{\"@context\":\"https:\/\/schema.org\",\"@graph\":[{\"@type\":\"WebPage\",\"@id\":\"https:\/\/www.tonnelleriebaron.com\/es\/contacto\/\",\"url\":\"https:\/\/www.tonnelleriebaron.com\/es\/contacto\/\",\"name\":\"Contacto | Tonnellerie Baron\",\"isPartOf\":{\"@id\":\"https:\/\/www.tonnelleriebaron.com\/es\/#website\"},\"datePublished\":\"2019-06-19T21:14:27+00:00\",\"dateModified\":\"2019-09-30T08:42:42+00:00\",\"description\":\"Contacto | Depuis 1875, la Tonnellerie Baron perp\u00e9tue une tradition d'excellence dans la s\u00e9lection de ch\u00eanes de haute qualit\u00e9 et la fabrication de barriques d'exception. | Tonnellerie Baron\",\"breadcrumb\":{\"@id\":\"https:\/\/www.tonnelleriebaron.com\/es\/contacto\/#breadcrumb\"},\"inLanguage\":\"es\",\"potentialAction\":[{\"@type\":\"ReadAction\",\"target\":[\"https:\/\/www.tonnelleriebaron.com\/es\/contacto\/\"]}]},{\"@type\":\"BreadcrumbList\",\"@id\":\"https:\/\/www.tonnelleriebaron.com\/es\/contacto\/#breadcrumb\",\"itemListElement\":[{\"@type\":\"ListItem\",\"position\":1,\"name\":\"Accueil\",\"item\":\"https:\/\/www.tonnelleriebaron.com\/es\/\"},{\"@type\":\"ListItem\",\"position\":2,\"name\":\"Contacto\"}]},{\"@type\":\"WebSite\",\"@id\":\"https:\/\/www.tonnelleriebaron.com\/es\/#website\",\"url\":\"https:\/\/www.tonnelleriebaron.com\/es\/\",\"name\":\"Tonnellerie Baron\",\"description\":\"140 ans de passion au service de vins d&#039;exception.\",\"publisher\":{\"@id\":\"https:\/\/www.tonnelleriebaron.com\/es\/#organization\"},\"potentialAction\":[{\"@type\":\"SearchAction\",\"target\":{\"@type\":\"EntryPoint\",\"urlTemplate\":\"https:\/\/www.tonnelleriebaron.com\/es\/?s={search_term_string}\"},\"query-input\":{\"@type\":\"PropertyValueSpecification\",\"valueRequired\":true,\"valueName\":\"search_term_string\"}}],\"inLanguage\":\"es\"},{\"@type\":\"Organization\",\"@id\":\"https:\/\/www.tonnelleriebaron.com\/es\/#organization\",\"name\":\"Tonnellerie Baron\",\"url\":\"https:\/\/www.tonnelleriebaron.com\/es\/\",\"logo\":{\"@type\":\"ImageObject\",\"inLanguage\":\"es\",\"@id\":\"https:\/\/www.tonnelleriebaron.com\/es\/#\/schema\/logo\/image\/\",\"url\":\"https:\/\/www.tonnelleriebaron.com\/wp-content\/uploads\/2019\/06\/LOGO-TONNELLERIE-BARON-PM874-INSPIRE\u0301E-par-NATURE2.png\",\"contentUrl\":\"https:\/\/www.tonnelleriebaron.com\/wp-content\/uploads\/2019\/06\/LOGO-TONNELLERIE-BARON-PM874-INSPIRE\u0301E-par-NATURE2.png\",\"width\":1302,\"height\":483,\"caption\":\"Tonnellerie Baron\"},\"image\":{\"@id\":\"https:\/\/www.tonnelleriebaron.com\/es\/#\/schema\/logo\/image\/\"},\"sameAs\":[\"https:\/\/www.instagram.com\/tonnelleriebaron\",\"https:\/\/www.linkedin.com\/company\/tonnellerie-baron\"]}]}<\/script>\n<!-- \/ Yoast SEO plugin. -->","yoast_head_json":{"title":"Contacto | Tonnellerie Baron","description":"Contacto | Depuis 1875, la Tonnellerie Baron perp\u00e9tue une tradition d'excellence dans la s\u00e9lection de ch\u00eanes de haute qualit\u00e9 et la fabrication de barriques d'exception. | Tonnellerie Baron","robots":{"index":"index","follow":"follow","max-snippet":"max-snippet:-1","max-image-preview":"max-image-preview:large","max-video-preview":"max-video-preview:-1"},"canonical":"https:\/\/www.tonnelleriebaron.com\/es\/contacto\/","og_locale":"es_ES","og_type":"article","og_title":"Contacto | Tonnellerie Baron","og_description":"Contacto | Depuis 1875, la Tonnellerie Baron perp\u00e9tue une tradition d'excellence dans la s\u00e9lection de ch\u00eanes de haute qualit\u00e9 et la fabrication de barriques d'exception. | Tonnellerie Baron","og_url":"https:\/\/www.tonnelleriebaron.com\/es\/contacto\/","og_site_name":"Tonnellerie Baron","article_modified_time":"2019-09-30T08:42:42+00:00","og_image":[{"width":600,"height":600,"url":"https:\/\/www.tonnelleriebaron.com\/wp-content\/uploads\/2020\/05\/TB_OpenGraph_IMG_CARRE.jpg","type":"image\/jpeg"}],"twitter_card":"summary_large_image","twitter_misc":{"Tiempo de lectura":"7 minutos"},"schema":{"@context":"https:\/\/schema.org","@graph":[{"@type":"WebPage","@id":"https:\/\/www.tonnelleriebaron.com\/es\/contacto\/","url":"https:\/\/www.tonnelleriebaron.com\/es\/contacto\/","name":"Contacto | Tonnellerie Baron","isPartOf":{"@id":"https:\/\/www.tonnelleriebaron.com\/es\/#website"},"datePublished":"2019-06-19T21:14:27+00:00","dateModified":"2019-09-30T08:42:42+00:00","description":"Contacto | Depuis 1875, la Tonnellerie Baron perp\u00e9tue une tradition d'excellence dans la s\u00e9lection de ch\u00eanes de haute qualit\u00e9 et la fabrication de barriques d'exception. | Tonnellerie Baron","breadcrumb":{"@id":"https:\/\/www.tonnelleriebaron.com\/es\/contacto\/#breadcrumb"},"inLanguage":"es","potentialAction":[{"@type":"ReadAction","target":["https:\/\/www.tonnelleriebaron.com\/es\/contacto\/"]}]},{"@type":"BreadcrumbList","@id":"https:\/\/www.tonnelleriebaron.com\/es\/contacto\/#breadcrumb","itemListElement":[{"@type":"ListItem","position":1,"name":"Accueil","item":"https:\/\/www.tonnelleriebaron.com\/es\/"},{"@type":"ListItem","position":2,"name":"Contacto"}]},{"@type":"WebSite","@id":"https:\/\/www.tonnelleriebaron.com\/es\/#website","url":"https:\/\/www.tonnelleriebaron.com\/es\/","name":"Tonnellerie Baron","description":"140 ans de passion au service de vins d&#039;exception.","publisher":{"@id":"https:\/\/www.tonnelleriebaron.com\/es\/#organization"},"potentialAction":[{"@type":"SearchAction","target":{"@type":"EntryPoint","urlTemplate":"https:\/\/www.tonnelleriebaron.com\/es\/?s={search_term_string}"},"query-input":{"@type":"PropertyValueSpecification","valueRequired":true,"valueName":"search_term_string"}}],"inLanguage":"es"},{"@type":"Organization","@id":"https:\/\/www.tonnelleriebaron.com\/es\/#organization","name":"Tonnellerie Baron","url":"https:\/\/www.tonnelleriebaron.com\/es\/","logo":{"@type":"ImageObject","inLanguage":"es","@id":"https:\/\/www.tonnelleriebaron.com\/es\/#\/schema\/logo\/image\/","url":"https:\/\/www.tonnelleriebaron.com\/wp-content\/uploads\/2019\/06\/LOGO-TONNELLERIE-BARON-PM874-INSPIRE\u0301E-par-NATURE2.png","contentUrl":"https:\/\/www.tonnelleriebaron.com\/wp-content\/uploads\/2019\/06\/LOGO-TONNELLERIE-BARON-PM874-INSPIRE\u0301E-par-NATURE2.png","width":1302,"height":483,"caption":"Tonnellerie Baron"},"image":{"@id":"https:\/\/www.tonnelleriebaron.com\/es\/#\/schema\/logo\/image\/"},"sameAs":["https:\/\/www.instagram.com\/tonnelleriebaron","https:\/\/www.linkedin.com\/company\/tonnellerie-baron"]}]}},"_links":{"self":[{"href":"https:\/\/www.tonnelleriebaron.com\/es\/wp-json\/wp\/v2\/pages\/2608","targetHints":{"allow":["GET"]}}],"collection":[{"href":"https:\/\/www.tonnelleriebaron.com\/es\/wp-json\/wp\/v2\/pages"}],"about":[{"href":"https:\/\/www.tonnelleriebaron.com\/es\/wp-json\/wp\/v2\/types\/page"}],"author":[{"embeddable":true,"href":"https:\/\/www.tonnelleriebaron.com\/es\/wp-json\/wp\/v2\/users\/1"}],"replies":[{"embeddable":true,"href":"https:\/\/www.tonnelleriebaron.com\/es\/wp-json\/wp\/v2\/comments?post=2608"}],"version-history":[{"count":0,"href":"https:\/\/www.tonnelleriebaron.com\/es\/wp-json\/wp\/v2\/pages\/2608\/revisions"}],"wp:attachment":[{"href":"https:\/\/www.tonnelleriebaron.com\/es\/wp-json\/wp\/v2\/media?parent=2608"}],"curies":[{"name":"wp","href":"https:\/\/api.w.org\/{rel}","templated":true}]}}