{"id":2613,"date":"2019-06-19T23:16:56","date_gmt":"2019-06-19T21:16:56","guid":{"rendered":"https:\/\/www.tonnelleriebaron.com\/empleos\/"},"modified":"2019-07-08T15:30:09","modified_gmt":"2019-07-08T13:30:09","slug":"empleos","status":"publish","type":"page","link":"https:\/\/www.tonnelleriebaron.com\/es\/empleos\/","title":{"rendered":"Empleos"},"content":{"rendered":"<p>[et_pb_section fb_built=\u00bb1&#8243; admin_label=\u00bbLanguages switcher\u00bb _builder_version=\u00bb3.21.1&#8243; custom_margin=\u00bb0px||\u00bb custom_margin_tablet=\u00bb-15px|35%||0px\u00bb custom_margin_phone=\u00bb0px|0%|0px|\u00bb custom_margin_last_edited=\u00bbon|phone\u00bb custom_padding=\u00bb0|0px|0px|0px|false|false\u00bb global_module=\u00bb593&#8243;][et_pb_row custom_padding=\u00bb|82px|||false|false\u00bb admin_label=\u00bbRow\u00bb module_class=\u00bb et_pb_row_fullwidth\u00bb _builder_version=\u00bb3.22.3&#8243; width=\u00bb100%\u00bb width_tablet=\u00bb100%\u00bb width_last_edited=\u00bbon|desktop\u00bb max_width=\u00bb100%\u00bb max_width_tablet=\u00bb100%\u00bb max_width_last_edited=\u00bbon|desktop\u00bb make_fullwidth=\u00bbon\u00bb][et_pb_column type=\u00bb4_4&#8243; _builder_version=\u00bb3.19.18&#8243;][et_pb_code _builder_version=\u00bb3.19.18&#8243; text_orientation=\u00bbright\u00bb custom_margin=\u00bb0px||\u00bb animation_style=\u00bbfade\u00bb animation_duration=\u00bb1950ms\u00bb animation_delay=\u00bb150ms\u00bb]<div class=\"selecteur-langues\"><a href=\"\/empleos\">FR<\/a> \/ <a href=\"\/en\/empleos\">EN<\/a>  \/ <a href=\"\/it\/empleos\">IT<\/a><\/div>\n[\/et_pb_code][\/et_pb_column][\/et_pb_row][\/et_pb_section][et_pb_section fb_built=\u00bb1&#8243; disabled_on=\u00bbon|on|off\u00bb _builder_version=\u00bb3.22.3&#8243; custom_margin_tablet=\u00bb0px||0px\u00bb custom_margin_last_edited=\u00bbon|tablet\u00bb][et_pb_row _builder_version=\u00bb3.22.3&#8243;][et_pb_column type=\u00bb4_4&#8243; _builder_version=\u00bb3.20.2&#8243;][et_pb_image src=\u00bbhttps:\/\/www.tonnelleriebaron.com\/wp-content\/uploads\/2019\/03\/LOGO-TONNELLERIE-BARON.png\u00bb url=\u00bb\/es\/\u00bb align=\u00bbcenter\u00bb align_tablet=\u00bbcenter\u00bb align_last_edited=\u00bbon|desktop\u00bb disabled_on=\u00bboff|off|off\u00bb admin_label=\u00bbLOGO BARON\u00bb _builder_version=\u00bb3.23.3&#8243; max_width=\u00bb27%\u00bb max_width_phone=\u00bb49%\u00bb max_width_last_edited=\u00bbon|desktop\u00bb module_alignment=\u00bbcenter\u00bb custom_margin=\u00bb0%||\u00bb custom_margin_phone=\u00bb-55%||0px||false\u00bb custom_margin_last_edited=\u00bbon|phone\u00bb animation_style=\u00bbfade\u00bb always_center_on_mobile=\u00bbon\u00bb global_module=\u00bb550&#8243; saved_tabs=\u00bball\u00bb][\/et_pb_image][\/et_pb_column][\/et_pb_row][\/et_pb_section][et_pb_section fb_built=\u00bb1&#8243; custom_padding_last_edited=\u00bbon|desktop\u00bb admin_label=\u00bbNotre engagement\u00bb module_id=\u00bbNotre engagement\u00bb _builder_version=\u00bb3.23.3&#8243; width=\u00bb100%\u00bb custom_margin_phone=\u00bb0px||5%\u00bb custom_margin_last_edited=\u00bbon|desktop\u00bb custom_padding=\u00bb|10%||10%||true\u00bb custom_padding_phone=\u00bb5%||5%||true\u00bb][et_pb_row custom_padding=\u00bb0px|0px|0px|0px|false|false\u00bb custom_padding_tablet=\u00bb0px|||\u00bb custom_padding_last_edited=\u00bbon|phone\u00bb module_id=\u00bbNos Valeurs\u00bb module_class=\u00bb et_pb_row_fullwidth\u00bb _builder_version=\u00bb3.23.3&#8243; width_tablet=\u00bb100%\u00bb width_last_edited=\u00bbon|desktop\u00bb max_width=\u00bb100%\u00bb max_width_tablet=\u00bb100%\u00bb max_width_last_edited=\u00bbon|desktop\u00bb module_alignment=\u00bbcenter\u00bb custom_margin_phone=\u00bb9%||0px\u00bb custom_margin_last_edited=\u00bbon|desktop\u00bb make_fullwidth=\u00bbon\u00bb custom_margin=\u00bb|||0px\u00bb width=\u00bb100%\u00bb custom_padding_phone=\u00bb||0px\u00bb][et_pb_column type=\u00bb3_4&#8243; _builder_version=\u00bb3.19.15&#8243;][et_pb_text admin_label=\u00bbEmploi\u00bb _builder_version=\u00bb3.23.3&#8243; text_font=\u00bbMarcellus||||||||\u00bb text_text_color=\u00bb#8c6e4a\u00bb text_font_size=\u00bb3em\u00bb header_font=\u00bb||||||||\u00bb header_text_align=\u00bbleft\u00bb header_font_size=\u00bb2.5rem\u00bb header_2_font=\u00bbJosefin Sans|300||on|||||\u00bb header_2_text_align=\u00bbleft\u00bb header_2_font_size=\u00bb1em\u00bb header_2_letter_spacing=\u00bb3px\u00bb header_2_line_height=\u00bb1.2em\u00bb max_width=\u00bb59%\u00bb max_width_tablet=\u00bb85%\u00bb max_width_last_edited=\u00bbon|tablet\u00bb module_alignment=\u00bbleft\u00bb custom_margin=\u00bb|0px||0px\u00bb custom_margin_last_edited=\u00bbon|desktop\u00bb custom_padding=\u00bb|3%||0%\u00bb animation_style=\u00bbslide\u00bb animation_direction=\u00bbright\u00bb animation_duration=\u00bb1650ms\u00bb animation_intensity_slide=\u00bb16%\u00bb header_font_size_phone=\u00bb1.5rem\u00bb header_font_size_last_edited=\u00bbon|phone\u00bb header_2_font_size_phone=\u00bb1.5rem\u00bb header_2_font_size_last_edited=\u00bbon|phone\u00bb]<\/p>\n<h1>Empleos<\/h1>\n<p>[\/et_pb_text][\/et_pb_column][et_pb_column type=\u00bb1_4&#8243; _builder_version=\u00bb3.19.15&#8243;][\/et_pb_column][\/et_pb_row][et_pb_row _builder_version=\u00bb3.23.3&#8243; width=\u00bb100%\u00bb max_width=\u00bb1200px\u00bb custom_padding=\u00bb3%||3%||true\u00bb custom_margin=\u00bb3%||3%||true\u00bb][et_pb_column type=\u00bb4_4&#8243; _builder_version=\u00bb3.23.3&#8243;][et_pb_text admin_label=\u00bbText\u00bb _builder_version=\u00bb3.23.3&#8243; text_font=\u00bb||||||||\u00bb text_font_size=\u00bb1rem\u00bb header_font=\u00bb||||||||\u00bb header_2_font=\u00bb||||||||\u00bb header_2_font_size=\u00bb1.5rem\u00bb background_size=\u00bbinitial\u00bb background_position=\u00bbtop_left\u00bb background_repeat=\u00bbrepeat\u00bb custom_padding=\u00bb0.6%||0.6%||true|\u00bb inline_fonts=\u00bbBelleza\u00bb]<\/p>\n<p>La Toneler\u00eda Baron est\u00e1 en constante evoluci\u00f3n. Su expansi\u00f3n permite ofrecer puestos administrativos, comerciales y de producci\u00f3n.<\/p>\n<p>No dude en hacernos llegar su CV acompa\u00f1ado de una carta de presentaci\u00f3n. Muchas gracias de antemano.<\/p>\n<p>Contacto : <a href=\"mailto:info@tonnelleriebaron.com\">info@tonnelleriebaron.com<\/a><\/p>\n<p>[\/et_pb_text][\/et_pb_column][\/et_pb_row][et_pb_row custom_padding=\u00bb|5%||5%||true\u00bb disabled_on=\u00bbon|on|on\u00bb _builder_version=\u00bb3.23.3&#8243; disabled=\u00bbon\u00bb][et_pb_column type=\u00bb4_4&#8243; _builder_version=\u00bb3.22.4&#8243;][et_pb_text admin_label=\u00bbText\u00bb _builder_version=\u00bb3.23.3&#8243; text_font=\u00bb||||||||\u00bb text_font_size=\u00bb1rem\u00bb header_font=\u00bb||||||||\u00bb header_2_font=\u00bb||||||||\u00bb header_2_font_size=\u00bb1.5rem\u00bb background_size=\u00bbinitial\u00bb background_position=\u00bbtop_left\u00bb background_repeat=\u00bbrepeat\u00bb custom_padding=\u00bb0.6%||0.6%||true|\u00bb inline_fonts=\u00bbBelleza\u00bb]<\/p>\n<h2>Nuestras offertas<\/h2>\n<p>[\/et_pb_text][et_pb_cta title=\u00bbCHEF D&#8217;ATELIER\u00bb button_url=\u00bb\/es\/\u00bb url_new_window=\u00bbon\u00bb button_text=\u00bbT\u00e9l\u00e9charger la fiche compl\u00e8te\u00bb _builder_version=\u00bb3.22.7&#8243; header_font=\u00bb|||on|||||\u00bb header_text_align=\u00bbleft\u00bb body_font=\u00bb||||||||\u00bb body_text_align=\u00bbleft\u00bb border_width_top=\u00bb6px\u00bb border_color_top=\u00bb#ffffff\u00bb button_alignment=\u00bbright\u00bb text_orientation=\u00bbleft\u00bb width=\u00bb66%\u00bb module_alignment=\u00bbleft\u00bb]<\/p>\n<p>(COURTE DESCRIPTION) Edit or remove this text inline or in the module Content settings. You can also style every aspect of this content in the module Design settings and even apply custom CSS to this text in the module Advanced settings.<\/p>\n<p>[\/et_pb_cta][et_pb_cta title=\u00bbTonnelier\u00bb button_url=\u00bb\/es\/\u00bb url_new_window=\u00bbon\u00bb button_text=\u00bbT\u00e9l\u00e9charger la fiche compl\u00e8te\u00bb _builder_version=\u00bb3.22.7&#8243; header_font=\u00bb|||on|||||\u00bb header_text_align=\u00bbleft\u00bb body_font=\u00bb||||||||\u00bb body_text_align=\u00bbleft\u00bb border_width_top=\u00bb5px\u00bb border_color_top=\u00bb#ffffff\u00bb button_alignment=\u00bbright\u00bb text_orientation=\u00bbleft\u00bb width=\u00bb66%\u00bb module_alignment=\u00bbleft\u00bb]<\/p>\n<p>(COURTE DESCRIPTION) Edit or remove this text inline or in the module Content settings. You can also style every aspect of this content in the module Design settings and even apply custom CSS to this text in the module Advanced settings.<\/p>\n<p>[\/et_pb_cta][\/et_pb_column][\/et_pb_row][\/et_pb_section][et_pb_section fb_built=\u00bb1&#8243; _builder_version=\u00bb3.23.3&#8243;][et_pb_row _builder_version=\u00bb3.23.3&#8243;][et_pb_column type=\u00bb4_4&#8243; _builder_version=\u00bb3.23.3&#8243;][et_pb_text _builder_version=\u00bb3.23.3&#8243;][\/et_pb_text][\/et_pb_column][\/et_pb_row][\/et_pb_section]<\/p>\n","protected":false},"excerpt":{"rendered":"<p><div class=\"selecteur-langues\"><a href=\"\/empleos\">FR<\/a> \/ <a href=\"\/en\/empleos\">EN<\/a>  \/ <a href=\"\/it\/empleos\">IT<\/a><\/div>\nEmpleosLa Toneler\u00eda Baron est\u00e1 en constante evoluci\u00f3n. Su expansi\u00f3n permite ofrecer puestos administrativos, comerciales y de producci\u00f3n. No dude en hacernos llegar su CV acompa\u00f1ado de una carta de presentaci\u00f3n. Muchas gracias de antemano. Contacto : info@tonnelleriebaron.comNuestras offertas(COURTE DESCRIPTION) Edit or remove this text inline or in the module Content settings. You can also [&hellip;]<\/p>\n","protected":false},"author":1,"featured_media":0,"parent":0,"menu_order":0,"comment_status":"closed","ping_status":"closed","template":"","meta":{"_et_pb_use_builder":"on","_et_pb_old_content":"","_et_gb_content_width":"","footnotes":""},"class_list":["post-2613","page","type-page","status-publish","hentry"],"yoast_head":"<!-- This site is optimized with the Yoast SEO plugin v25.8 - https:\/\/yoast.com\/wordpress\/plugins\/seo\/ -->\n<title>Empleos | Tonnellerie Baron<\/title>\n<meta name=\"description\" content=\"Empleos | Depuis 1875, la Tonnellerie Baron perp\u00e9tue une tradition d&#039;excellence dans la s\u00e9lection de ch\u00eanes de haute qualit\u00e9 et la fabrication de barriques d&#039;exception. | Tonnellerie Baron\" \/>\n<meta name=\"robots\" content=\"index, follow, max-snippet:-1, max-image-preview:large, max-video-preview:-1\" \/>\n<link rel=\"canonical\" href=\"https:\/\/www.tonnelleriebaron.com\/es\/empleos\/\" \/>\n<meta property=\"og:locale\" content=\"es_ES\" \/>\n<meta property=\"og:type\" content=\"article\" \/>\n<meta property=\"og:title\" content=\"Empleos | Tonnellerie Baron\" \/>\n<meta property=\"og:description\" content=\"Empleos | Depuis 1875, la Tonnellerie Baron perp\u00e9tue une tradition d&#039;excellence dans la s\u00e9lection de ch\u00eanes de haute qualit\u00e9 et la fabrication de barriques d&#039;exception. | Tonnellerie Baron\" \/>\n<meta property=\"og:url\" content=\"https:\/\/www.tonnelleriebaron.com\/es\/empleos\/\" \/>\n<meta property=\"og:site_name\" content=\"Tonnellerie Baron\" \/>\n<meta property=\"article:modified_time\" content=\"2019-07-08T13:30:09+00:00\" \/>\n<meta property=\"og:image\" content=\"https:\/\/www.tonnelleriebaron.com\/wp-content\/uploads\/2020\/05\/TB_OpenGraph_IMG_CARRE.jpg\" \/>\n\t<meta property=\"og:image:width\" content=\"600\" \/>\n\t<meta property=\"og:image:height\" content=\"600\" \/>\n\t<meta property=\"og:image:type\" content=\"image\/jpeg\" \/>\n<meta name=\"twitter:card\" content=\"summary_large_image\" \/>\n<meta name=\"twitter:label1\" content=\"Tiempo de lectura\" \/>\n\t<meta name=\"twitter:data1\" content=\"5 minutos\" \/>\n<script type=\"application\/ld+json\" class=\"yoast-schema-graph\">{\"@context\":\"https:\/\/schema.org\",\"@graph\":[{\"@type\":\"WebPage\",\"@id\":\"https:\/\/www.tonnelleriebaron.com\/es\/empleos\/\",\"url\":\"https:\/\/www.tonnelleriebaron.com\/es\/empleos\/\",\"name\":\"Empleos | Tonnellerie Baron\",\"isPartOf\":{\"@id\":\"https:\/\/www.tonnelleriebaron.com\/es\/#website\"},\"datePublished\":\"2019-06-19T21:16:56+00:00\",\"dateModified\":\"2019-07-08T13:30:09+00:00\",\"description\":\"Empleos | Depuis 1875, la Tonnellerie Baron perp\u00e9tue une tradition d'excellence dans la s\u00e9lection de ch\u00eanes de haute qualit\u00e9 et la fabrication de barriques d'exception. | Tonnellerie Baron\",\"breadcrumb\":{\"@id\":\"https:\/\/www.tonnelleriebaron.com\/es\/empleos\/#breadcrumb\"},\"inLanguage\":\"es\",\"potentialAction\":[{\"@type\":\"ReadAction\",\"target\":[\"https:\/\/www.tonnelleriebaron.com\/es\/empleos\/\"]}]},{\"@type\":\"BreadcrumbList\",\"@id\":\"https:\/\/www.tonnelleriebaron.com\/es\/empleos\/#breadcrumb\",\"itemListElement\":[{\"@type\":\"ListItem\",\"position\":1,\"name\":\"Accueil\",\"item\":\"https:\/\/www.tonnelleriebaron.com\/es\/\"},{\"@type\":\"ListItem\",\"position\":2,\"name\":\"Empleos\"}]},{\"@type\":\"WebSite\",\"@id\":\"https:\/\/www.tonnelleriebaron.com\/es\/#website\",\"url\":\"https:\/\/www.tonnelleriebaron.com\/es\/\",\"name\":\"Tonnellerie Baron\",\"description\":\"140 ans de passion au service de vins d&#039;exception.\",\"publisher\":{\"@id\":\"https:\/\/www.tonnelleriebaron.com\/es\/#organization\"},\"potentialAction\":[{\"@type\":\"SearchAction\",\"target\":{\"@type\":\"EntryPoint\",\"urlTemplate\":\"https:\/\/www.tonnelleriebaron.com\/es\/?s={search_term_string}\"},\"query-input\":{\"@type\":\"PropertyValueSpecification\",\"valueRequired\":true,\"valueName\":\"search_term_string\"}}],\"inLanguage\":\"es\"},{\"@type\":\"Organization\",\"@id\":\"https:\/\/www.tonnelleriebaron.com\/es\/#organization\",\"name\":\"Tonnellerie Baron\",\"url\":\"https:\/\/www.tonnelleriebaron.com\/es\/\",\"logo\":{\"@type\":\"ImageObject\",\"inLanguage\":\"es\",\"@id\":\"https:\/\/www.tonnelleriebaron.com\/es\/#\/schema\/logo\/image\/\",\"url\":\"https:\/\/www.tonnelleriebaron.com\/wp-content\/uploads\/2019\/06\/LOGO-TONNELLERIE-BARON-PM874-INSPIRE\u0301E-par-NATURE2.png\",\"contentUrl\":\"https:\/\/www.tonnelleriebaron.com\/wp-content\/uploads\/2019\/06\/LOGO-TONNELLERIE-BARON-PM874-INSPIRE\u0301E-par-NATURE2.png\",\"width\":1302,\"height\":483,\"caption\":\"Tonnellerie Baron\"},\"image\":{\"@id\":\"https:\/\/www.tonnelleriebaron.com\/es\/#\/schema\/logo\/image\/\"},\"sameAs\":[\"https:\/\/www.instagram.com\/tonnelleriebaron\",\"https:\/\/www.linkedin.com\/company\/tonnellerie-baron\"]}]}<\/script>\n<!-- \/ Yoast SEO plugin. -->","yoast_head_json":{"title":"Empleos | Tonnellerie Baron","description":"Empleos | Depuis 1875, la Tonnellerie Baron perp\u00e9tue une tradition d'excellence dans la s\u00e9lection de ch\u00eanes de haute qualit\u00e9 et la fabrication de barriques d'exception. | Tonnellerie Baron","robots":{"index":"index","follow":"follow","max-snippet":"max-snippet:-1","max-image-preview":"max-image-preview:large","max-video-preview":"max-video-preview:-1"},"canonical":"https:\/\/www.tonnelleriebaron.com\/es\/empleos\/","og_locale":"es_ES","og_type":"article","og_title":"Empleos | Tonnellerie Baron","og_description":"Empleos | Depuis 1875, la Tonnellerie Baron perp\u00e9tue une tradition d'excellence dans la s\u00e9lection de ch\u00eanes de haute qualit\u00e9 et la fabrication de barriques d'exception. | Tonnellerie Baron","og_url":"https:\/\/www.tonnelleriebaron.com\/es\/empleos\/","og_site_name":"Tonnellerie Baron","article_modified_time":"2019-07-08T13:30:09+00:00","og_image":[{"width":600,"height":600,"url":"https:\/\/www.tonnelleriebaron.com\/wp-content\/uploads\/2020\/05\/TB_OpenGraph_IMG_CARRE.jpg","type":"image\/jpeg"}],"twitter_card":"summary_large_image","twitter_misc":{"Tiempo de lectura":"5 minutos"},"schema":{"@context":"https:\/\/schema.org","@graph":[{"@type":"WebPage","@id":"https:\/\/www.tonnelleriebaron.com\/es\/empleos\/","url":"https:\/\/www.tonnelleriebaron.com\/es\/empleos\/","name":"Empleos | Tonnellerie Baron","isPartOf":{"@id":"https:\/\/www.tonnelleriebaron.com\/es\/#website"},"datePublished":"2019-06-19T21:16:56+00:00","dateModified":"2019-07-08T13:30:09+00:00","description":"Empleos | Depuis 1875, la Tonnellerie Baron perp\u00e9tue une tradition d'excellence dans la s\u00e9lection de ch\u00eanes de haute qualit\u00e9 et la fabrication de barriques d'exception. | Tonnellerie Baron","breadcrumb":{"@id":"https:\/\/www.tonnelleriebaron.com\/es\/empleos\/#breadcrumb"},"inLanguage":"es","potentialAction":[{"@type":"ReadAction","target":["https:\/\/www.tonnelleriebaron.com\/es\/empleos\/"]}]},{"@type":"BreadcrumbList","@id":"https:\/\/www.tonnelleriebaron.com\/es\/empleos\/#breadcrumb","itemListElement":[{"@type":"ListItem","position":1,"name":"Accueil","item":"https:\/\/www.tonnelleriebaron.com\/es\/"},{"@type":"ListItem","position":2,"name":"Empleos"}]},{"@type":"WebSite","@id":"https:\/\/www.tonnelleriebaron.com\/es\/#website","url":"https:\/\/www.tonnelleriebaron.com\/es\/","name":"Tonnellerie Baron","description":"140 ans de passion au service de vins d&#039;exception.","publisher":{"@id":"https:\/\/www.tonnelleriebaron.com\/es\/#organization"},"potentialAction":[{"@type":"SearchAction","target":{"@type":"EntryPoint","urlTemplate":"https:\/\/www.tonnelleriebaron.com\/es\/?s={search_term_string}"},"query-input":{"@type":"PropertyValueSpecification","valueRequired":true,"valueName":"search_term_string"}}],"inLanguage":"es"},{"@type":"Organization","@id":"https:\/\/www.tonnelleriebaron.com\/es\/#organization","name":"Tonnellerie Baron","url":"https:\/\/www.tonnelleriebaron.com\/es\/","logo":{"@type":"ImageObject","inLanguage":"es","@id":"https:\/\/www.tonnelleriebaron.com\/es\/#\/schema\/logo\/image\/","url":"https:\/\/www.tonnelleriebaron.com\/wp-content\/uploads\/2019\/06\/LOGO-TONNELLERIE-BARON-PM874-INSPIRE\u0301E-par-NATURE2.png","contentUrl":"https:\/\/www.tonnelleriebaron.com\/wp-content\/uploads\/2019\/06\/LOGO-TONNELLERIE-BARON-PM874-INSPIRE\u0301E-par-NATURE2.png","width":1302,"height":483,"caption":"Tonnellerie Baron"},"image":{"@id":"https:\/\/www.tonnelleriebaron.com\/es\/#\/schema\/logo\/image\/"},"sameAs":["https:\/\/www.instagram.com\/tonnelleriebaron","https:\/\/www.linkedin.com\/company\/tonnellerie-baron"]}]}},"_links":{"self":[{"href":"https:\/\/www.tonnelleriebaron.com\/es\/wp-json\/wp\/v2\/pages\/2613","targetHints":{"allow":["GET"]}}],"collection":[{"href":"https:\/\/www.tonnelleriebaron.com\/es\/wp-json\/wp\/v2\/pages"}],"about":[{"href":"https:\/\/www.tonnelleriebaron.com\/es\/wp-json\/wp\/v2\/types\/page"}],"author":[{"embeddable":true,"href":"https:\/\/www.tonnelleriebaron.com\/es\/wp-json\/wp\/v2\/users\/1"}],"replies":[{"embeddable":true,"href":"https:\/\/www.tonnelleriebaron.com\/es\/wp-json\/wp\/v2\/comments?post=2613"}],"version-history":[{"count":0,"href":"https:\/\/www.tonnelleriebaron.com\/es\/wp-json\/wp\/v2\/pages\/2613\/revisions"}],"wp:attachment":[{"href":"https:\/\/www.tonnelleriebaron.com\/es\/wp-json\/wp\/v2\/media?parent=2613"}],"curies":[{"name":"wp","href":"https:\/\/api.w.org\/{rel}","templated":true}]}}