{"id":2615,"date":"2019-06-19T23:23:51","date_gmt":"2019-06-19T21:23:51","guid":{"rendered":"https:\/\/www.tonnelleriebaron.com\/menciones-legales\/"},"modified":"2019-07-08T15:36:02","modified_gmt":"2019-07-08T13:36:02","slug":"menciones-legales","status":"publish","type":"page","link":"https:\/\/www.tonnelleriebaron.com\/es\/menciones-legales\/","title":{"rendered":"Menciones legales"},"content":{"rendered":"<p>[et_pb_section fb_built=\u00bb1&#8243; disabled_on=\u00bbon|off|off\u00bb admin_label=\u00bbLanguages switcher\u00bb _builder_version=\u00bb3.24&#8243; custom_margin=\u00bb0px||\u00bb custom_margin_tablet=\u00bb-15px|35%||0px\u00bb custom_margin_phone=\u00bb0px|0%|0px|\u00bb custom_margin_last_edited=\u00bbon|phone\u00bb custom_padding=\u00bb0|0px|0px|0px|false|false\u00bb global_module=\u00bb593&#8243; collapsed=\u00bbon\u00bb][et_pb_row custom_padding=\u00bb|82px|||false|false\u00bb admin_label=\u00bbRow\u00bb module_class=\u00bb et_pb_row_fullwidth\u00bb _builder_version=\u00bb3.25&#8243; width=\u00bb100%\u00bb width_tablet=\u00bb100%\u00bb width_last_edited=\u00bbon|desktop\u00bb max_width=\u00bb100%\u00bb max_width_tablet=\u00bb100%\u00bb max_width_last_edited=\u00bbon|desktop\u00bb make_fullwidth=\u00bbon\u00bb][et_pb_column type=\u00bb4_4&#8243; _builder_version=\u00bb3.25&#8243; custom_padding=\u00bb|||\u00bb custom_padding__hover=\u00bb|||\u00bb][et_pb_code _builder_version=\u00bb3.19.18&#8243; text_orientation=\u00bbright\u00bb custom_margin=\u00bb0px||\u00bb animation_style=\u00bbfade\u00bb animation_duration=\u00bb1950ms\u00bb animation_delay=\u00bb150ms\u00bb]<div class=\"selecteur-langues\"><a href=\"\/menciones-legales\">FR<\/a> \/ <a href=\"\/en\/menciones-legales\">EN<\/a>  \/ <a href=\"\/it\/menciones-legales\">IT<\/a><\/div>\n[\/et_pb_code][\/et_pb_column][\/et_pb_row][\/et_pb_section][et_pb_section fb_built=\u00bb1&#8243; disabled_on=\u00bbon|on|off\u00bb _builder_version=\u00bb3.22.3&#8243; custom_margin_tablet=\u00bb0px||0px\u00bb custom_margin_last_edited=\u00bbon|tablet\u00bb][et_pb_row _builder_version=\u00bb3.25&#8243;][et_pb_column type=\u00bb4_4&#8243; _builder_version=\u00bb3.25&#8243; custom_padding=\u00bb|||\u00bb custom_padding__hover=\u00bb|||\u00bb][et_pb_image src=\u00bbhttps:\/\/www.tonnelleriebaron.com\/wp-content\/uploads\/2019\/06\/LOGO-TONNELLERIE-BARON-PM874-INSPIRE\u0301E-par-NATURE2.png\u00bb url=\u00bb\/es\/\u00bb align=\u00bbcenter\u00bb align_tablet=\u00bbcenter\u00bb align_last_edited=\u00bbon|desktop\u00bb disabled_on=\u00bboff|off|off\u00bb admin_label=\u00bbLOGO BARON\u00bb _builder_version=\u00bb3.25.2&#8243; width=\u00bb100%\u00bb max_width=\u00bb20%\u00bb max_width_phone=\u00bb65%\u00bb max_width_last_edited=\u00bbon|desktop\u00bb module_alignment=\u00bbcenter\u00bb custom_margin=\u00bb0%||\u00bb custom_margin_phone=\u00bb-30%||0px||false\u00bb custom_margin_last_edited=\u00bbon|phone\u00bb animation_style=\u00bbfade\u00bb z_index=\u00bb999&#8243; always_center_on_mobile=\u00bbon\u00bb global_module=\u00bb550&#8243; saved_tabs=\u00bball\u00bb][\/et_pb_image][\/et_pb_column][\/et_pb_row][\/et_pb_section][et_pb_section fb_built=\u00bb1&#8243; custom_padding_last_edited=\u00bbon|desktop\u00bb admin_label=\u00bbNotre engagement\u00bb module_id=\u00bbNotre engagement\u00bb _builder_version=\u00bb3.22.7&#8243; custom_margin_phone=\u00bb0px||0px\u00bb custom_margin_last_edited=\u00bbon|desktop\u00bb custom_padding=\u00bb|||||true\u00bb custom_padding_phone=\u00bb0px||0px\u00bb][et_pb_row custom_padding=\u00bb0px|0px|0px|0px|false|false\u00bb custom_padding_tablet=\u00bb0px|||\u00bb custom_padding_last_edited=\u00bbon|phone\u00bb module_id=\u00bbNos Valeurs\u00bb module_class=\u00bb et_pb_row_fullwidth\u00bb _builder_version=\u00bb3.25&#8243; width=\u00bb100%\u00bb width_tablet=\u00bb100%\u00bb width_last_edited=\u00bbon|desktop\u00bb max_width=\u00bb100%\u00bb max_width_tablet=\u00bb100%\u00bb max_width_last_edited=\u00bbon|desktop\u00bb module_alignment=\u00bbcenter\u00bb custom_margin_phone=\u00bb10%||\u00bb custom_margin_last_edited=\u00bbon|desktop\u00bb make_fullwidth=\u00bbon\u00bb][et_pb_column type=\u00bb4_4&#8243; _builder_version=\u00bb3.25&#8243; custom_padding=\u00bb|||\u00bb custom_padding__hover=\u00bb|||\u00bb][et_pb_text admin_label=\u00bbL\u00e9gal\u00bb _builder_version=\u00bb3.23.3&#8243; text_font=\u00bbMarcellus||||||||\u00bb text_text_color=\u00bb#8c6e4a\u00bb text_font_size=\u00bb3em\u00bb header_font=\u00bb||||||||\u00bb header_text_align=\u00bbleft\u00bb header_font_size=\u00bb2.5rem\u00bb header_2_font=\u00bbJosefin Sans|300||on|||||\u00bb header_2_text_align=\u00bbleft\u00bb header_2_font_size=\u00bb1em\u00bb header_2_letter_spacing=\u00bb3px\u00bb header_2_line_height=\u00bb1.2em\u00bb max_width=\u00bb1080px\u00bb max_width_tablet=\u00bb85%\u00bb max_width_last_edited=\u00bbon|tablet\u00bb module_alignment=\u00bbleft\u00bb custom_margin=\u00bb|||5%\u00bb custom_margin_last_edited=\u00bbon|desktop\u00bb custom_padding=\u00bb|||10%\u00bb animation_style=\u00bbslide\u00bb animation_direction=\u00bbright\u00bb animation_duration=\u00bb1650ms\u00bb animation_intensity_slide=\u00bb16%\u00bb header_font_size_phone=\u00bb2rem\u00bb header_font_size_last_edited=\u00bbon|phone\u00bb header_2_font_size_phone=\u00bb1.5rem\u00bb header_2_font_size_last_edited=\u00bbon|phone\u00bb]<\/p>\n<h1>Menciones legales<\/h1>\n<p>[\/et_pb_text][\/et_pb_column][\/et_pb_row][et_pb_row custom_margin=\u00bb|||||\u00bb _builder_version=\u00bb3.25&#8243;][et_pb_column type=\u00bb4_4&#8243; _builder_version=\u00bb3.25&#8243; custom_padding=\u00bb|||\u00bb custom_padding__hover=\u00bb|||\u00bb][et_pb_text admin_label=\u00bbText\u00bb _builder_version=\u00bb3.22.7&#8243; text_font=\u00bb||||||||\u00bb text_font_size=\u00bb1rem\u00bb header_font=\u00bb||||||||\u00bb header_2_font=\u00bb||||||||\u00bb header_2_font_size=\u00bb1.5rem\u00bb background_size=\u00bbinitial\u00bb background_position=\u00bbtop_left\u00bb background_repeat=\u00bbrepeat\u00bb custom_padding=\u00bb0.6%||0.6%||true|\u00bb inline_fonts=\u00bbBelleza\u00bb]<\/p>\n<h2>Determinaci\u00f3n o raz\u00f3n social:<\/h2>\n<p>Tonnellerie BARON<\/p>\n<h2>Direcci\u00f3n de la sede social:<\/h2>\n<p>20 rue des Gillardeaux 17100 Les Gonds<\/p>\n<h2>N\u00famero de tel\u00e9fono:<\/h2>\n<p>05.46.93.18.02<\/p>\n<h2>N\u00famero de CIF franc\u00e9s (SIREN):<\/h2>\n<p>409.439.288.000.13<\/p>\n<h2>Nombre de la localidad en la que se encuentra inscrita en el Registro Mercantil:<\/h2>\n<p>RCS de Saintes<\/p>\n<h2>Nombre del director o del codirector de la publicaci\u00f3n y, eventualmente, del responsable de la redacci\u00f3n:<\/h2>\n<p>Lionel KREFF<\/p>\n<h2>Nombre y direcci\u00f3n del proveedor de alojamiento del sitio web:<\/h2>\n<p>100 % Net<br \/>Futur Building II<br \/>1280, Avenue des Platanes<br \/>34970 LATTES<br \/>T\u00e9l : 04-67-996-491 &#8211; Fax : 04-67-65-15-62<br \/><a href=\"https:\/\/www.100pour100net.com\/\">http:\/\/www.100p100.net<\/a><br \/><a href=\"https:\/\/www.100pour100net.com\/contact\">contact@100p100.net<\/a><\/p>\n<h2>Cr\u00e9ditos:<\/h2>\n<div class=\"\"><span face=\"Helvetica, Arial\" size=\"2\" style=\"font-family: Belleza; font-size: large; font-weight: normal;\">Ilustraci\u00f3n: : <a href=\"http:\/\/florence-gendre-illustration.com\/\">Florence Gendre<\/a><\/span><\/div>\n<div class=\"\"><span face=\"Helvetica, Arial\" size=\"2\" style=\"font-family: Belleza; font-size: large; font-weight: normal;\">Web Design : <a href=\"https:\/\/www.briddieobyrne.com\/\">Briddie O\u2019Byrne<\/a><\/span><\/div>\n<div class=\"\"><span face=\"Helvetica, Arial\" size=\"2\" style=\"font-family: Belleza; font-size: large; font-weight: normal;\">Desarrollo e integraci\u00f3n web : <a href=\"https:\/\/www.anthony-robin.com\">Anthony Robin<\/a><\/span><\/div>\n<div class=\"\"><span face=\"Helvetica, Arial\" size=\"2\" style=\"font-family: Belleza; font-size: large; font-weight: normal;\"><span class=\"\">Fotograf\u00eda : <a href=\"https:\/\/anakaphotographie.com\/\">Anaka<\/a>\u00a0<\/span><\/span><\/div>\n<div class=\"\"><span face=\"Helvetica, Arial\" size=\"2\" style=\"font-family: Belleza; font-size: large; font-weight: normal;\"><span class=\"\">Coordinaci\u00f3n de proyecto:  Piment Blanc\u00a0<\/span><\/span><\/div>\n<p>&nbsp;<\/p>\n<p>&nbsp;<\/p>\n<p>[\/et_pb_text][\/et_pb_column][\/et_pb_row][\/et_pb_section][et_pb_section fb_built=\u00bb1&#8243; admin_label=\u00bbDivider\u00bb _builder_version=\u00bb3.23.3&#8243; collapsed=\u00bbon\u00bb][et_pb_row _builder_version=\u00bb3.25&#8243;][et_pb_column type=\u00bb4_4&#8243; _builder_version=\u00bb3.25&#8243; custom_padding=\u00bb|||\u00bb custom_padding__hover=\u00bb|||\u00bb][et_pb_text _builder_version=\u00bb3.23.3&#8243;][\/et_pb_text][\/et_pb_column][\/et_pb_row][\/et_pb_section]<\/p>\n","protected":false},"excerpt":{"rendered":"<p><div class=\"selecteur-langues\"><a href=\"\/menciones-legales\">FR<\/a> \/ <a href=\"\/en\/menciones-legales\">EN<\/a>  \/ <a href=\"\/it\/menciones-legales\">IT<\/a><\/div>\nMenciones legalesDeterminaci\u00f3n o raz\u00f3n social: Tonnellerie BARON Direcci\u00f3n de la sede social: 20 rue des Gillardeaux 17100 Les Gonds N\u00famero de tel\u00e9fono: 05.46.93.18.02 N\u00famero de CIF franc\u00e9s (SIREN): 409.439.288.000.13 Nombre de la localidad en la que se encuentra inscrita en el Registro Mercantil: RCS de Saintes Nombre del director o del codirector de la [&hellip;]<\/p>\n","protected":false},"author":1,"featured_media":0,"parent":0,"menu_order":0,"comment_status":"closed","ping_status":"closed","template":"","meta":{"_et_pb_use_builder":"on","_et_pb_old_content":"<!-- wp:heading {\"level\":4} -->\n<h4>D\u00e9termination ou raison sociale :<\/h4>\n<!-- \/wp:heading -->\n\n<!-- wp:paragraph -->\n<p>Tonnellerie BARON<\/p>\n<!-- \/wp:paragraph -->\n\n<!-- wp:heading {\"level\":4} -->\n<h4>Adresse du si\u00e8ge social :<\/h4>\n<!-- \/wp:heading -->\n\n<!-- wp:paragraph -->\n<p>20 rue des Gillardeaux 17100 Les Gonds<\/p>\n<!-- \/wp:paragraph -->\n\n<!-- wp:heading {\"level\":4} -->\n<h4>Num\u00e9ro de t\u00e9l\u00e9phone :<\/h4>\n<!-- \/wp:heading -->\n\n<!-- wp:paragraph -->\n<p>05.46.93.18.02<\/p>\n<!-- \/wp:paragraph -->\n\n<!-- wp:heading {\"level\":4} -->\n<h4>Num\u00e9ro d'immatriculation au SIREN :<\/h4>\n<!-- \/wp:heading -->\n\n<!-- wp:paragraph -->\n<p>409.439.288.000.13<\/p>\n<!-- \/wp:paragraph -->\n\n<!-- wp:heading {\"level\":4} -->\n<h4>Nom de la ville ou se trouve le greffe d'immatriculation (RCS de \u2026) :<\/h4>\n<!-- \/wp:heading -->\n\n<!-- wp:paragraph -->\n<p>RCS de Saintes<\/p>\n<!-- \/wp:paragraph -->\n\n<!-- wp:heading {\"level\":4} -->\n<h4>Nom du directeur ou du co directeur de la publication, et le cas \u00e9ch\u00e9ant celui du responsable de la r\u00e9daction :<\/h4>\n<!-- \/wp:heading -->\n\n<!-- wp:paragraph -->\n<p>Monsieur Kreff Lionel<\/p>\n<!-- \/wp:paragraph -->\n\n<!-- wp:heading {\"level\":4} -->\n<h4>Nom et coordonn\u00e9es de l'h\u00e9bergeur :<\/h4>\n<!-- \/wp:heading -->\n\n<!-- wp:paragraph -->\n<p>100 % Net<br>Futur Building II<br>1280, Avenue des Platanes<br>34970 LATTES<br>T\u00e9l : 04-67-996-491 - Fax : 04-67-65-15-62<br><a href=\"https:\/\/www.100pour100net.com\/\">http:\/\/www.100p100.net<\/a><\/p>\n<!-- \/wp:paragraph -->\n\n<!-- wp:paragraph -->\n<p><a href=\"https:\/\/www.100pour100net.com\/contact\">contact@100p100.net<\/a><\/p>\n<!-- \/wp:paragraph -->\n\n<!-- wp:heading {\"level\":4} -->\n<h4>D\u00e9veloppement :<\/h4>\n<!-- \/wp:heading -->\n\n<!-- wp:paragraph -->\n<p>Un site d\u00e9velopp\u00e9 par Anthony ROBIN<br>T\u00e9l : 06 76 29 01 16<br><a href=\"https:\/\/www.anthony-robin.com\">https:\/\/www.anthony-robin.com<\/a><\/p>\n<!-- \/wp:paragraph -->\n\n<!-- wp:paragraph -->\n<p><\/p>\n<!-- \/wp:paragraph -->","_et_gb_content_width":"","footnotes":""},"class_list":["post-2615","page","type-page","status-publish","hentry"],"yoast_head":"<!-- This site is optimized with the Yoast SEO plugin v25.8 - https:\/\/yoast.com\/wordpress\/plugins\/seo\/ -->\n<title>Menciones legales | Tonnellerie Baron<\/title>\n<meta name=\"description\" content=\"Menciones legales | Depuis 1875, la Tonnellerie Baron perp\u00e9tue une tradition d&#039;excellence dans la s\u00e9lection de ch\u00eanes de haute qualit\u00e9 et la fabrication de barriques d&#039;exception. | Tonnellerie Baron\" \/>\n<meta name=\"robots\" content=\"index, follow, max-snippet:-1, max-image-preview:large, max-video-preview:-1\" \/>\n<link rel=\"canonical\" href=\"https:\/\/www.tonnelleriebaron.com\/es\/menciones-legales\/\" \/>\n<meta property=\"og:locale\" content=\"es_ES\" \/>\n<meta property=\"og:type\" content=\"article\" \/>\n<meta property=\"og:title\" content=\"Menciones legales | Tonnellerie Baron\" \/>\n<meta property=\"og:description\" content=\"Menciones legales | Depuis 1875, la Tonnellerie Baron perp\u00e9tue une tradition d&#039;excellence dans la s\u00e9lection de ch\u00eanes de haute qualit\u00e9 et la fabrication de barriques d&#039;exception. | Tonnellerie Baron\" \/>\n<meta property=\"og:url\" content=\"https:\/\/www.tonnelleriebaron.com\/es\/menciones-legales\/\" \/>\n<meta property=\"og:site_name\" content=\"Tonnellerie Baron\" \/>\n<meta property=\"article:modified_time\" content=\"2019-07-08T13:36:02+00:00\" \/>\n<meta property=\"og:image\" content=\"https:\/\/www.tonnelleriebaron.com\/wp-content\/uploads\/2020\/05\/TB_OpenGraph_IMG_CARRE.jpg\" \/>\n\t<meta property=\"og:image:width\" content=\"600\" \/>\n\t<meta property=\"og:image:height\" content=\"600\" \/>\n\t<meta property=\"og:image:type\" content=\"image\/jpeg\" \/>\n<meta name=\"twitter:card\" content=\"summary_large_image\" \/>\n<meta name=\"twitter:label1\" content=\"Tiempo de lectura\" \/>\n\t<meta name=\"twitter:data1\" content=\"4 minutos\" \/>\n<script type=\"application\/ld+json\" class=\"yoast-schema-graph\">{\"@context\":\"https:\/\/schema.org\",\"@graph\":[{\"@type\":\"WebPage\",\"@id\":\"https:\/\/www.tonnelleriebaron.com\/es\/menciones-legales\/\",\"url\":\"https:\/\/www.tonnelleriebaron.com\/es\/menciones-legales\/\",\"name\":\"Menciones legales | Tonnellerie Baron\",\"isPartOf\":{\"@id\":\"https:\/\/www.tonnelleriebaron.com\/es\/#website\"},\"datePublished\":\"2019-06-19T21:23:51+00:00\",\"dateModified\":\"2019-07-08T13:36:02+00:00\",\"description\":\"Menciones legales | Depuis 1875, la Tonnellerie Baron perp\u00e9tue une tradition d'excellence dans la s\u00e9lection de ch\u00eanes de haute qualit\u00e9 et la fabrication de barriques d'exception. | Tonnellerie Baron\",\"breadcrumb\":{\"@id\":\"https:\/\/www.tonnelleriebaron.com\/es\/menciones-legales\/#breadcrumb\"},\"inLanguage\":\"es\",\"potentialAction\":[{\"@type\":\"ReadAction\",\"target\":[\"https:\/\/www.tonnelleriebaron.com\/es\/menciones-legales\/\"]}]},{\"@type\":\"BreadcrumbList\",\"@id\":\"https:\/\/www.tonnelleriebaron.com\/es\/menciones-legales\/#breadcrumb\",\"itemListElement\":[{\"@type\":\"ListItem\",\"position\":1,\"name\":\"Accueil\",\"item\":\"https:\/\/www.tonnelleriebaron.com\/es\/\"},{\"@type\":\"ListItem\",\"position\":2,\"name\":\"Menciones legales\"}]},{\"@type\":\"WebSite\",\"@id\":\"https:\/\/www.tonnelleriebaron.com\/es\/#website\",\"url\":\"https:\/\/www.tonnelleriebaron.com\/es\/\",\"name\":\"Tonnellerie Baron\",\"description\":\"140 ans de passion au service de vins d&#039;exception.\",\"publisher\":{\"@id\":\"https:\/\/www.tonnelleriebaron.com\/es\/#organization\"},\"potentialAction\":[{\"@type\":\"SearchAction\",\"target\":{\"@type\":\"EntryPoint\",\"urlTemplate\":\"https:\/\/www.tonnelleriebaron.com\/es\/?s={search_term_string}\"},\"query-input\":{\"@type\":\"PropertyValueSpecification\",\"valueRequired\":true,\"valueName\":\"search_term_string\"}}],\"inLanguage\":\"es\"},{\"@type\":\"Organization\",\"@id\":\"https:\/\/www.tonnelleriebaron.com\/es\/#organization\",\"name\":\"Tonnellerie Baron\",\"url\":\"https:\/\/www.tonnelleriebaron.com\/es\/\",\"logo\":{\"@type\":\"ImageObject\",\"inLanguage\":\"es\",\"@id\":\"https:\/\/www.tonnelleriebaron.com\/es\/#\/schema\/logo\/image\/\",\"url\":\"https:\/\/www.tonnelleriebaron.com\/wp-content\/uploads\/2019\/06\/LOGO-TONNELLERIE-BARON-PM874-INSPIRE\u0301E-par-NATURE2.png\",\"contentUrl\":\"https:\/\/www.tonnelleriebaron.com\/wp-content\/uploads\/2019\/06\/LOGO-TONNELLERIE-BARON-PM874-INSPIRE\u0301E-par-NATURE2.png\",\"width\":1302,\"height\":483,\"caption\":\"Tonnellerie Baron\"},\"image\":{\"@id\":\"https:\/\/www.tonnelleriebaron.com\/es\/#\/schema\/logo\/image\/\"},\"sameAs\":[\"https:\/\/www.instagram.com\/tonnelleriebaron\",\"https:\/\/www.linkedin.com\/company\/tonnellerie-baron\"]}]}<\/script>\n<!-- \/ Yoast SEO plugin. -->","yoast_head_json":{"title":"Menciones legales | Tonnellerie Baron","description":"Menciones legales | Depuis 1875, la Tonnellerie Baron perp\u00e9tue une tradition d'excellence dans la s\u00e9lection de ch\u00eanes de haute qualit\u00e9 et la fabrication de barriques d'exception. | Tonnellerie Baron","robots":{"index":"index","follow":"follow","max-snippet":"max-snippet:-1","max-image-preview":"max-image-preview:large","max-video-preview":"max-video-preview:-1"},"canonical":"https:\/\/www.tonnelleriebaron.com\/es\/menciones-legales\/","og_locale":"es_ES","og_type":"article","og_title":"Menciones legales | Tonnellerie Baron","og_description":"Menciones legales | Depuis 1875, la Tonnellerie Baron perp\u00e9tue une tradition d'excellence dans la s\u00e9lection de ch\u00eanes de haute qualit\u00e9 et la fabrication de barriques d'exception. | Tonnellerie Baron","og_url":"https:\/\/www.tonnelleriebaron.com\/es\/menciones-legales\/","og_site_name":"Tonnellerie Baron","article_modified_time":"2019-07-08T13:36:02+00:00","og_image":[{"width":600,"height":600,"url":"https:\/\/www.tonnelleriebaron.com\/wp-content\/uploads\/2020\/05\/TB_OpenGraph_IMG_CARRE.jpg","type":"image\/jpeg"}],"twitter_card":"summary_large_image","twitter_misc":{"Tiempo de lectura":"4 minutos"},"schema":{"@context":"https:\/\/schema.org","@graph":[{"@type":"WebPage","@id":"https:\/\/www.tonnelleriebaron.com\/es\/menciones-legales\/","url":"https:\/\/www.tonnelleriebaron.com\/es\/menciones-legales\/","name":"Menciones legales | Tonnellerie Baron","isPartOf":{"@id":"https:\/\/www.tonnelleriebaron.com\/es\/#website"},"datePublished":"2019-06-19T21:23:51+00:00","dateModified":"2019-07-08T13:36:02+00:00","description":"Menciones legales | Depuis 1875, la Tonnellerie Baron perp\u00e9tue une tradition d'excellence dans la s\u00e9lection de ch\u00eanes de haute qualit\u00e9 et la fabrication de barriques d'exception. | Tonnellerie Baron","breadcrumb":{"@id":"https:\/\/www.tonnelleriebaron.com\/es\/menciones-legales\/#breadcrumb"},"inLanguage":"es","potentialAction":[{"@type":"ReadAction","target":["https:\/\/www.tonnelleriebaron.com\/es\/menciones-legales\/"]}]},{"@type":"BreadcrumbList","@id":"https:\/\/www.tonnelleriebaron.com\/es\/menciones-legales\/#breadcrumb","itemListElement":[{"@type":"ListItem","position":1,"name":"Accueil","item":"https:\/\/www.tonnelleriebaron.com\/es\/"},{"@type":"ListItem","position":2,"name":"Menciones legales"}]},{"@type":"WebSite","@id":"https:\/\/www.tonnelleriebaron.com\/es\/#website","url":"https:\/\/www.tonnelleriebaron.com\/es\/","name":"Tonnellerie Baron","description":"140 ans de passion au service de vins d&#039;exception.","publisher":{"@id":"https:\/\/www.tonnelleriebaron.com\/es\/#organization"},"potentialAction":[{"@type":"SearchAction","target":{"@type":"EntryPoint","urlTemplate":"https:\/\/www.tonnelleriebaron.com\/es\/?s={search_term_string}"},"query-input":{"@type":"PropertyValueSpecification","valueRequired":true,"valueName":"search_term_string"}}],"inLanguage":"es"},{"@type":"Organization","@id":"https:\/\/www.tonnelleriebaron.com\/es\/#organization","name":"Tonnellerie Baron","url":"https:\/\/www.tonnelleriebaron.com\/es\/","logo":{"@type":"ImageObject","inLanguage":"es","@id":"https:\/\/www.tonnelleriebaron.com\/es\/#\/schema\/logo\/image\/","url":"https:\/\/www.tonnelleriebaron.com\/wp-content\/uploads\/2019\/06\/LOGO-TONNELLERIE-BARON-PM874-INSPIRE\u0301E-par-NATURE2.png","contentUrl":"https:\/\/www.tonnelleriebaron.com\/wp-content\/uploads\/2019\/06\/LOGO-TONNELLERIE-BARON-PM874-INSPIRE\u0301E-par-NATURE2.png","width":1302,"height":483,"caption":"Tonnellerie Baron"},"image":{"@id":"https:\/\/www.tonnelleriebaron.com\/es\/#\/schema\/logo\/image\/"},"sameAs":["https:\/\/www.instagram.com\/tonnelleriebaron","https:\/\/www.linkedin.com\/company\/tonnellerie-baron"]}]}},"_links":{"self":[{"href":"https:\/\/www.tonnelleriebaron.com\/es\/wp-json\/wp\/v2\/pages\/2615","targetHints":{"allow":["GET"]}}],"collection":[{"href":"https:\/\/www.tonnelleriebaron.com\/es\/wp-json\/wp\/v2\/pages"}],"about":[{"href":"https:\/\/www.tonnelleriebaron.com\/es\/wp-json\/wp\/v2\/types\/page"}],"author":[{"embeddable":true,"href":"https:\/\/www.tonnelleriebaron.com\/es\/wp-json\/wp\/v2\/users\/1"}],"replies":[{"embeddable":true,"href":"https:\/\/www.tonnelleriebaron.com\/es\/wp-json\/wp\/v2\/comments?post=2615"}],"version-history":[{"count":0,"href":"https:\/\/www.tonnelleriebaron.com\/es\/wp-json\/wp\/v2\/pages\/2615\/revisions"}],"wp:attachment":[{"href":"https:\/\/www.tonnelleriebaron.com\/es\/wp-json\/wp\/v2\/media?parent=2615"}],"curies":[{"name":"wp","href":"https:\/\/api.w.org\/{rel}","templated":true}]}}