{"id":2879,"date":"2019-07-03T17:16:09","date_gmt":"2019-07-03T15:16:09","guid":{"rendered":"https:\/\/www.tonnelleriebaron.com\/mapa-del-sitio\/"},"modified":"2021-04-28T10:54:39","modified_gmt":"2021-04-28T08:54:39","slug":"mapa-del-sitio","status":"publish","type":"page","link":"https:\/\/www.tonnelleriebaron.com\/es\/mapa-del-sitio\/","title":{"rendered":"Mapa del sitio"},"content":{"rendered":"<p>[et_pb_section fb_built=\u00bb1&#8243; disabled_on=\u00bbon|off|off\u00bb admin_label=\u00bbLanguages switcher\u00bb _builder_version=\u00bb3.24&#8243; custom_margin=\u00bb0px||\u00bb custom_margin_tablet=\u00bb-15px|35%||0px\u00bb custom_margin_phone=\u00bb0px|0%|0px|\u00bb custom_margin_last_edited=\u00bbon|phone\u00bb custom_padding=\u00bb0|0px|0px|0px|false|false\u00bb global_module=\u00bb593&#8243; collapsed=\u00bboff\u00bb][et_pb_row admin_label=\u00bbRow\u00bb module_class=\u00bb et_pb_row_fullwidth\u00bb _builder_version=\u00bb3.25&#8243; width=\u00bb100%\u00bb width_tablet=\u00bb100%\u00bb width_phone=\u00bb\u00bb width_last_edited=\u00bbon|desktop\u00bb max_width=\u00bb100%\u00bb max_width_tablet=\u00bb100%\u00bb max_width_phone=\u00bb\u00bb max_width_last_edited=\u00bbon|desktop\u00bb custom_padding=\u00bb|82px|||false|false\u00bb make_fullwidth=\u00bbon\u00bb][et_pb_column type=\u00bb4_4&#8243; _builder_version=\u00bb3.25&#8243; custom_padding=\u00bb|||\u00bb custom_padding__hover=\u00bb|||\u00bb][et_pb_code _builder_version=\u00bb3.19.18&#8243; text_orientation=\u00bbright\u00bb custom_margin=\u00bb0px||\u00bb animation_style=\u00bbfade\u00bb animation_duration=\u00bb1950ms\u00bb animation_delay=\u00bb150ms\u00bb]<div class=\"selecteur-langues\"><a href=\"\/mapa-del-sitio\">FR<\/a> \/ <a href=\"\/en\/mapa-del-sitio\">EN<\/a>  \/ <a href=\"\/it\/mapa-del-sitio\">IT<\/a><\/div>\n[\/et_pb_code][\/et_pb_column][\/et_pb_row][\/et_pb_section][et_pb_section fb_built=\u00bb1&#8243; disabled_on=\u00bbon|on|off\u00bb _builder_version=\u00bb3.22.3&#8243; custom_margin_tablet=\u00bb0px||0px\u00bb custom_margin_phone=\u00bb\u00bb custom_margin_last_edited=\u00bbon|tablet\u00bb][et_pb_row _builder_version=\u00bb3.25.3&#8243; width=\u00bb100%\u00bb][et_pb_column type=\u00bb4_4&#8243; _builder_version=\u00bb3.25&#8243; custom_padding=\u00bb|||\u00bb custom_padding__hover=\u00bb|||\u00bb][et_pb_image src=\u00bbhttps:\/\/www.tonnelleriebaron.com\/wp-content\/uploads\/2019\/06\/LOGO-TONNELLERIE-BARON-PM874-INSPIRE\u0301E-par-NATURE2.png\u00bb url=\u00bb\/\u00bb align=\u00bbcenter\u00bb _builder_version=\u00bb4.9.1&#8243; max_width=\u00bb30%\u00bb][\/et_pb_image][\/et_pb_column][\/et_pb_row][\/et_pb_section][et_pb_section fb_built=\u00bb1&#8243; _builder_version=\u00bb4.9.1&#8243; custom_margin=\u00bb10%||\u00bb custom_padding=\u00bb||\u00bb][et_pb_row disabled_on=\u00bbon|on|off\u00bb admin_label=\u00bbPlan\u00bb module_class=\u00bb et_pb_row_fullwidth\u00bb _builder_version=\u00bb3.29.3&#8243; width=\u00bb100%\u00bb width_tablet=\u00bb100%\u00bb width_phone=\u00bb\u00bb width_last_edited=\u00bbon|desktop\u00bb max_width=\u00bb100%\u00bb max_width_tablet=\u00bb100%\u00bb max_width_phone=\u00bb\u00bb max_width_last_edited=\u00bbon|desktop\u00bb module_alignment=\u00bbcenter\u00bb make_fullwidth=\u00bbon\u00bb][et_pb_column type=\u00bb4_4&#8243; _builder_version=\u00bb3.25&#8243; custom_padding=\u00bb|||\u00bb custom_padding__hover=\u00bb|||\u00bb][et_pb_code module_id=\u00bbplan-baron\u00bb _builder_version=\u00bb4.9.1&#8243; text_orientation=\u00bbleft\u00bb module_alignment=\u00bbcenter\u00bb hover_enabled=\u00bb0&#8243; sticky_enabled=\u00bb0&#8243;]  <\/p>\n<div style=\"position:relative;width:1300px;height:780px;margin:0 auto;\"><!-- [et_pb_line_break_holder] -->            <\/p>\n<div style=\"position:absolute;\" align=\"center\"><!-- [et_pb_line_break_holder] -->                <iframe loading=\"lazy\" src=\"\/wp-content\/themes\/Divi-Baron\/image\/map_tonnellerie_v2_es.html\" width=\"1300\" height=\"780\" style=\"margin:0 auto;border:none;\"><\/iframe><!-- [et_pb_line_break_holder] -->            <\/div>\n<p><!-- [et_pb_line_break_holder] -->        <\/div>\n<p>[\/et_pb_code][\/et_pb_column][\/et_pb_row][\/et_pb_section]<\/p>\n","protected":false},"excerpt":{"rendered":"<div class=\"selecteur-langues\"><a href=\"\/mapa-del-sitio\">FR<\/a> \/ <a href=\"\/en\/mapa-del-sitio\">EN<\/a>  \/ <a href=\"\/it\/mapa-del-sitio\">IT<\/a><\/div>\n\n","protected":false},"author":1,"featured_media":0,"parent":0,"menu_order":0,"comment_status":"closed","ping_status":"closed","template":"","meta":{"_et_pb_use_builder":"on","_et_pb_old_content":"","_et_gb_content_width":"","footnotes":""},"class_list":["post-2879","page","type-page","status-publish","hentry"],"yoast_head":"<!-- This site is optimized with the Yoast SEO plugin v25.8 - https:\/\/yoast.com\/wordpress\/plugins\/seo\/ -->\n<title>Mapa del sitio | Tonnellerie Baron<\/title>\n<meta name=\"description\" content=\"Mapa del sitio | Depuis 1875, la Tonnellerie Baron perp\u00e9tue une tradition d&#039;excellence dans la s\u00e9lection de ch\u00eanes de haute qualit\u00e9 et la fabrication de barriques d&#039;exception. | Tonnellerie Baron\" \/>\n<meta name=\"robots\" content=\"index, follow, max-snippet:-1, max-image-preview:large, max-video-preview:-1\" \/>\n<link rel=\"canonical\" href=\"https:\/\/www.tonnelleriebaron.com\/es\/mapa-del-sitio\/\" \/>\n<meta property=\"og:locale\" content=\"es_ES\" \/>\n<meta property=\"og:type\" content=\"article\" \/>\n<meta property=\"og:title\" content=\"Mapa del sitio | Tonnellerie Baron\" \/>\n<meta property=\"og:description\" content=\"Mapa del sitio | Depuis 1875, la Tonnellerie Baron perp\u00e9tue une tradition d&#039;excellence dans la s\u00e9lection de ch\u00eanes de haute qualit\u00e9 et la fabrication de barriques d&#039;exception. | Tonnellerie Baron\" \/>\n<meta property=\"og:url\" content=\"https:\/\/www.tonnelleriebaron.com\/es\/mapa-del-sitio\/\" \/>\n<meta property=\"og:site_name\" content=\"Tonnellerie Baron\" \/>\n<meta property=\"article:modified_time\" content=\"2021-04-28T08:54:39+00:00\" \/>\n<meta property=\"og:image\" content=\"https:\/\/www.tonnelleriebaron.com\/wp-content\/uploads\/2020\/05\/TB_OpenGraph_IMG_CARRE.jpg\" \/>\n\t<meta property=\"og:image:width\" content=\"600\" \/>\n\t<meta property=\"og:image:height\" content=\"600\" \/>\n\t<meta property=\"og:image:type\" content=\"image\/jpeg\" \/>\n<meta name=\"twitter:card\" content=\"summary_large_image\" \/>\n<meta name=\"twitter:label1\" content=\"Tiempo de lectura\" \/>\n\t<meta name=\"twitter:data1\" content=\"2 minutos\" \/>\n<script type=\"application\/ld+json\" class=\"yoast-schema-graph\">{\"@context\":\"https:\/\/schema.org\",\"@graph\":[{\"@type\":\"WebPage\",\"@id\":\"https:\/\/www.tonnelleriebaron.com\/es\/mapa-del-sitio\/\",\"url\":\"https:\/\/www.tonnelleriebaron.com\/es\/mapa-del-sitio\/\",\"name\":\"Mapa del sitio | Tonnellerie Baron\",\"isPartOf\":{\"@id\":\"https:\/\/www.tonnelleriebaron.com\/es\/#website\"},\"datePublished\":\"2019-07-03T15:16:09+00:00\",\"dateModified\":\"2021-04-28T08:54:39+00:00\",\"description\":\"Mapa del sitio | Depuis 1875, la Tonnellerie Baron perp\u00e9tue une tradition d'excellence dans la s\u00e9lection de ch\u00eanes de haute qualit\u00e9 et la fabrication de barriques d'exception. | Tonnellerie Baron\",\"breadcrumb\":{\"@id\":\"https:\/\/www.tonnelleriebaron.com\/es\/mapa-del-sitio\/#breadcrumb\"},\"inLanguage\":\"es\",\"potentialAction\":[{\"@type\":\"ReadAction\",\"target\":[\"https:\/\/www.tonnelleriebaron.com\/es\/mapa-del-sitio\/\"]}]},{\"@type\":\"BreadcrumbList\",\"@id\":\"https:\/\/www.tonnelleriebaron.com\/es\/mapa-del-sitio\/#breadcrumb\",\"itemListElement\":[{\"@type\":\"ListItem\",\"position\":1,\"name\":\"Accueil\",\"item\":\"https:\/\/www.tonnelleriebaron.com\/es\/\"},{\"@type\":\"ListItem\",\"position\":2,\"name\":\"Mapa del sitio\"}]},{\"@type\":\"WebSite\",\"@id\":\"https:\/\/www.tonnelleriebaron.com\/es\/#website\",\"url\":\"https:\/\/www.tonnelleriebaron.com\/es\/\",\"name\":\"Tonnellerie Baron\",\"description\":\"140 ans de passion au service de vins d&#039;exception.\",\"publisher\":{\"@id\":\"https:\/\/www.tonnelleriebaron.com\/es\/#organization\"},\"potentialAction\":[{\"@type\":\"SearchAction\",\"target\":{\"@type\":\"EntryPoint\",\"urlTemplate\":\"https:\/\/www.tonnelleriebaron.com\/es\/?s={search_term_string}\"},\"query-input\":{\"@type\":\"PropertyValueSpecification\",\"valueRequired\":true,\"valueName\":\"search_term_string\"}}],\"inLanguage\":\"es\"},{\"@type\":\"Organization\",\"@id\":\"https:\/\/www.tonnelleriebaron.com\/es\/#organization\",\"name\":\"Tonnellerie Baron\",\"url\":\"https:\/\/www.tonnelleriebaron.com\/es\/\",\"logo\":{\"@type\":\"ImageObject\",\"inLanguage\":\"es\",\"@id\":\"https:\/\/www.tonnelleriebaron.com\/es\/#\/schema\/logo\/image\/\",\"url\":\"https:\/\/www.tonnelleriebaron.com\/wp-content\/uploads\/2019\/06\/LOGO-TONNELLERIE-BARON-PM874-INSPIRE\u0301E-par-NATURE2.png\",\"contentUrl\":\"https:\/\/www.tonnelleriebaron.com\/wp-content\/uploads\/2019\/06\/LOGO-TONNELLERIE-BARON-PM874-INSPIRE\u0301E-par-NATURE2.png\",\"width\":1302,\"height\":483,\"caption\":\"Tonnellerie Baron\"},\"image\":{\"@id\":\"https:\/\/www.tonnelleriebaron.com\/es\/#\/schema\/logo\/image\/\"},\"sameAs\":[\"https:\/\/www.instagram.com\/tonnelleriebaron\",\"https:\/\/www.linkedin.com\/company\/tonnellerie-baron\"]}]}<\/script>\n<!-- \/ Yoast SEO plugin. -->","yoast_head_json":{"title":"Mapa del sitio | Tonnellerie Baron","description":"Mapa del sitio | Depuis 1875, la Tonnellerie Baron perp\u00e9tue une tradition d'excellence dans la s\u00e9lection de ch\u00eanes de haute qualit\u00e9 et la fabrication de barriques d'exception. | Tonnellerie Baron","robots":{"index":"index","follow":"follow","max-snippet":"max-snippet:-1","max-image-preview":"max-image-preview:large","max-video-preview":"max-video-preview:-1"},"canonical":"https:\/\/www.tonnelleriebaron.com\/es\/mapa-del-sitio\/","og_locale":"es_ES","og_type":"article","og_title":"Mapa del sitio | Tonnellerie Baron","og_description":"Mapa del sitio | Depuis 1875, la Tonnellerie Baron perp\u00e9tue une tradition d'excellence dans la s\u00e9lection de ch\u00eanes de haute qualit\u00e9 et la fabrication de barriques d'exception. | Tonnellerie Baron","og_url":"https:\/\/www.tonnelleriebaron.com\/es\/mapa-del-sitio\/","og_site_name":"Tonnellerie Baron","article_modified_time":"2021-04-28T08:54:39+00:00","og_image":[{"width":600,"height":600,"url":"https:\/\/www.tonnelleriebaron.com\/wp-content\/uploads\/2020\/05\/TB_OpenGraph_IMG_CARRE.jpg","type":"image\/jpeg"}],"twitter_card":"summary_large_image","twitter_misc":{"Tiempo de lectura":"2 minutos"},"schema":{"@context":"https:\/\/schema.org","@graph":[{"@type":"WebPage","@id":"https:\/\/www.tonnelleriebaron.com\/es\/mapa-del-sitio\/","url":"https:\/\/www.tonnelleriebaron.com\/es\/mapa-del-sitio\/","name":"Mapa del sitio | Tonnellerie Baron","isPartOf":{"@id":"https:\/\/www.tonnelleriebaron.com\/es\/#website"},"datePublished":"2019-07-03T15:16:09+00:00","dateModified":"2021-04-28T08:54:39+00:00","description":"Mapa del sitio | Depuis 1875, la Tonnellerie Baron perp\u00e9tue une tradition d'excellence dans la s\u00e9lection de ch\u00eanes de haute qualit\u00e9 et la fabrication de barriques d'exception. | Tonnellerie Baron","breadcrumb":{"@id":"https:\/\/www.tonnelleriebaron.com\/es\/mapa-del-sitio\/#breadcrumb"},"inLanguage":"es","potentialAction":[{"@type":"ReadAction","target":["https:\/\/www.tonnelleriebaron.com\/es\/mapa-del-sitio\/"]}]},{"@type":"BreadcrumbList","@id":"https:\/\/www.tonnelleriebaron.com\/es\/mapa-del-sitio\/#breadcrumb","itemListElement":[{"@type":"ListItem","position":1,"name":"Accueil","item":"https:\/\/www.tonnelleriebaron.com\/es\/"},{"@type":"ListItem","position":2,"name":"Mapa del sitio"}]},{"@type":"WebSite","@id":"https:\/\/www.tonnelleriebaron.com\/es\/#website","url":"https:\/\/www.tonnelleriebaron.com\/es\/","name":"Tonnellerie Baron","description":"140 ans de passion au service de vins d&#039;exception.","publisher":{"@id":"https:\/\/www.tonnelleriebaron.com\/es\/#organization"},"potentialAction":[{"@type":"SearchAction","target":{"@type":"EntryPoint","urlTemplate":"https:\/\/www.tonnelleriebaron.com\/es\/?s={search_term_string}"},"query-input":{"@type":"PropertyValueSpecification","valueRequired":true,"valueName":"search_term_string"}}],"inLanguage":"es"},{"@type":"Organization","@id":"https:\/\/www.tonnelleriebaron.com\/es\/#organization","name":"Tonnellerie Baron","url":"https:\/\/www.tonnelleriebaron.com\/es\/","logo":{"@type":"ImageObject","inLanguage":"es","@id":"https:\/\/www.tonnelleriebaron.com\/es\/#\/schema\/logo\/image\/","url":"https:\/\/www.tonnelleriebaron.com\/wp-content\/uploads\/2019\/06\/LOGO-TONNELLERIE-BARON-PM874-INSPIRE\u0301E-par-NATURE2.png","contentUrl":"https:\/\/www.tonnelleriebaron.com\/wp-content\/uploads\/2019\/06\/LOGO-TONNELLERIE-BARON-PM874-INSPIRE\u0301E-par-NATURE2.png","width":1302,"height":483,"caption":"Tonnellerie Baron"},"image":{"@id":"https:\/\/www.tonnelleriebaron.com\/es\/#\/schema\/logo\/image\/"},"sameAs":["https:\/\/www.instagram.com\/tonnelleriebaron","https:\/\/www.linkedin.com\/company\/tonnellerie-baron"]}]}},"_links":{"self":[{"href":"https:\/\/www.tonnelleriebaron.com\/es\/wp-json\/wp\/v2\/pages\/2879","targetHints":{"allow":["GET"]}}],"collection":[{"href":"https:\/\/www.tonnelleriebaron.com\/es\/wp-json\/wp\/v2\/pages"}],"about":[{"href":"https:\/\/www.tonnelleriebaron.com\/es\/wp-json\/wp\/v2\/types\/page"}],"author":[{"embeddable":true,"href":"https:\/\/www.tonnelleriebaron.com\/es\/wp-json\/wp\/v2\/users\/1"}],"replies":[{"embeddable":true,"href":"https:\/\/www.tonnelleriebaron.com\/es\/wp-json\/wp\/v2\/comments?post=2879"}],"version-history":[{"count":0,"href":"https:\/\/www.tonnelleriebaron.com\/es\/wp-json\/wp\/v2\/pages\/2879\/revisions"}],"wp:attachment":[{"href":"https:\/\/www.tonnelleriebaron.com\/es\/wp-json\/wp\/v2\/media?parent=2879"}],"curies":[{"name":"wp","href":"https:\/\/api.w.org\/{rel}","templated":true}]}}