{"id":2541,"date":"2019-06-19T18:32:08","date_gmt":"2019-06-19T16:32:08","guid":{"rendered":"https:\/\/www.tonnelleriebaron.com\/posti-di-lavoro\/"},"modified":"2019-07-08T15:29:34","modified_gmt":"2019-07-08T13:29:34","slug":"posti-di-lavoro","status":"publish","type":"page","link":"https:\/\/www.tonnelleriebaron.com\/it\/posti-di-lavoro\/","title":{"rendered":"Posti di lavoro"},"content":{"rendered":"<p>[et_pb_section fb_built=&#8221;1&#8243; admin_label=&#8221;Languages switcher&#8221; _builder_version=&#8221;3.21.1&#8243; custom_margin=&#8221;0px||&#8221; custom_margin_tablet=&#8221;-15px|35%||0px&#8221; custom_margin_phone=&#8221;0px|0%|0px|&#8221; custom_margin_last_edited=&#8221;on|phone&#8221; custom_padding=&#8221;0|0px|0px|0px|false|false&#8221; global_module=&#8221;593&#8243;][et_pb_row custom_padding=&#8221;|82px|||false|false&#8221; admin_label=&#8221;Row&#8221; module_class=&#8221; et_pb_row_fullwidth&#8221; _builder_version=&#8221;3.22.3&#8243; width=&#8221;100%&#8221; width_tablet=&#8221;100%&#8221; width_last_edited=&#8221;on|desktop&#8221; max_width=&#8221;100%&#8221; max_width_tablet=&#8221;100%&#8221; max_width_last_edited=&#8221;on|desktop&#8221; make_fullwidth=&#8221;on&#8221;][et_pb_column type=&#8221;4_4&#8243; _builder_version=&#8221;3.19.18&#8243;][et_pb_code _builder_version=&#8221;3.19.18&#8243; text_orientation=&#8221;right&#8221; custom_margin=&#8221;0px||&#8221; animation_style=&#8221;fade&#8221; animation_duration=&#8221;1950ms&#8221; animation_delay=&#8221;150ms&#8221;]<div class=\"selecteur-langues\"><a href=\"\/posti-di-lavoro\">FR<\/a> \/ <a href=\"\/en\/posti-di-lavoro\">EN<\/a>  \/ <a href=\"\/es\/posti-di-lavoro\">ES<\/a>  <\/div>\n[\/et_pb_code][\/et_pb_column][\/et_pb_row][\/et_pb_section][et_pb_section fb_built=&#8221;1&#8243; disabled_on=&#8221;on|on|off&#8221; _builder_version=&#8221;3.22.3&#8243; custom_margin_tablet=&#8221;0px||0px&#8221; custom_margin_last_edited=&#8221;on|tablet&#8221;][et_pb_row _builder_version=&#8221;3.22.3&#8243;][et_pb_column type=&#8221;4_4&#8243; _builder_version=&#8221;3.20.2&#8243;][et_pb_image src=&#8221;https:\/\/www.tonnelleriebaron.com\/wp-content\/uploads\/2019\/03\/LOGO-TONNELLERIE-BARON.png&#8221; url=&#8221;\/it\/&#8221; align=&#8221;center&#8221; align_tablet=&#8221;center&#8221; align_last_edited=&#8221;on|desktop&#8221; disabled_on=&#8221;off|off|off&#8221; admin_label=&#8221;LOGO BARON&#8221; _builder_version=&#8221;3.23.3&#8243; max_width=&#8221;27%&#8221; max_width_phone=&#8221;49%&#8221; max_width_last_edited=&#8221;on|desktop&#8221; module_alignment=&#8221;center&#8221; custom_margin=&#8221;0%||&#8221; custom_margin_phone=&#8221;-55%||0px||false&#8221; custom_margin_last_edited=&#8221;on|phone&#8221; animation_style=&#8221;fade&#8221; always_center_on_mobile=&#8221;on&#8221; global_module=&#8221;550&#8243; saved_tabs=&#8221;all&#8221;][\/et_pb_image][\/et_pb_column][\/et_pb_row][\/et_pb_section][et_pb_section fb_built=&#8221;1&#8243; custom_padding_last_edited=&#8221;on|desktop&#8221; admin_label=&#8221;Notre engagement&#8221; module_id=&#8221;Notre engagement&#8221; _builder_version=&#8221;3.23.3&#8243; width=&#8221;100%&#8221; custom_margin_phone=&#8221;0px||5%&#8221; custom_margin_last_edited=&#8221;on|desktop&#8221; custom_padding=&#8221;|10%||10%||true&#8221; custom_padding_phone=&#8221;5%||5%||true&#8221;][et_pb_row custom_padding=&#8221;0px|0px|0px|0px|false|false&#8221; custom_padding_tablet=&#8221;0px|||&#8221; custom_padding_last_edited=&#8221;on|phone&#8221; module_id=&#8221;Nos Valeurs&#8221; module_class=&#8221; et_pb_row_fullwidth&#8221; _builder_version=&#8221;3.23.3&#8243; width_tablet=&#8221;100%&#8221; width_last_edited=&#8221;on|desktop&#8221; max_width=&#8221;100%&#8221; max_width_tablet=&#8221;100%&#8221; max_width_last_edited=&#8221;on|desktop&#8221; module_alignment=&#8221;center&#8221; custom_margin_phone=&#8221;9%||0px&#8221; custom_margin_last_edited=&#8221;on|desktop&#8221; make_fullwidth=&#8221;on&#8221; custom_margin=&#8221;|||0px&#8221; width=&#8221;100%&#8221; custom_padding_phone=&#8221;||0px&#8221;][et_pb_column type=&#8221;3_4&#8243; _builder_version=&#8221;3.19.15&#8243;][et_pb_text admin_label=&#8221;Emploi&#8221; _builder_version=&#8221;3.23.3&#8243; text_font=&#8221;Marcellus||||||||&#8221; text_text_color=&#8221;#8c6e4a&#8221; text_font_size=&#8221;3em&#8221; header_font=&#8221;||||||||&#8221; header_text_align=&#8221;left&#8221; header_font_size=&#8221;2.5rem&#8221; header_2_font=&#8221;Josefin Sans|300||on|||||&#8221; header_2_text_align=&#8221;left&#8221; header_2_font_size=&#8221;1em&#8221; header_2_letter_spacing=&#8221;3px&#8221; header_2_line_height=&#8221;1.2em&#8221; max_width=&#8221;59%&#8221; max_width_tablet=&#8221;85%&#8221; max_width_last_edited=&#8221;on|tablet&#8221; module_alignment=&#8221;left&#8221; custom_margin=&#8221;|0px||0px&#8221; custom_margin_last_edited=&#8221;on|desktop&#8221; custom_padding=&#8221;|3%||0%&#8221; animation_style=&#8221;slide&#8221; animation_direction=&#8221;right&#8221; animation_duration=&#8221;1650ms&#8221; animation_intensity_slide=&#8221;16%&#8221; header_font_size_phone=&#8221;1.5rem&#8221; header_font_size_last_edited=&#8221;on|phone&#8221; header_2_font_size_phone=&#8221;1.5rem&#8221; header_2_font_size_last_edited=&#8221;on|phone&#8221;]<\/p>\n<h1>Posti di lavoro<\/h1>\n<p>[\/et_pb_text][\/et_pb_column][et_pb_column type=&#8221;1_4&#8243; _builder_version=&#8221;3.19.15&#8243;][\/et_pb_column][\/et_pb_row][et_pb_row _builder_version=&#8221;3.23.3&#8243; width=&#8221;100%&#8221; max_width=&#8221;1200px&#8221; custom_padding=&#8221;3%||3%||true&#8221; custom_margin=&#8221;3%||3%||true&#8221;][et_pb_column type=&#8221;4_4&#8243; _builder_version=&#8221;3.23.3&#8243;][et_pb_text admin_label=&#8221;Text&#8221; _builder_version=&#8221;3.23.3&#8243; text_font=&#8221;||||||||&#8221; text_font_size=&#8221;1rem&#8221; header_font=&#8221;||||||||&#8221; header_2_font=&#8221;||||||||&#8221; header_2_font_size=&#8221;1.5rem&#8221; background_size=&#8221;initial&#8221; background_position=&#8221;top_left&#8221; background_repeat=&#8221;repeat&#8221; custom_padding=&#8221;0.6%||0.6%||true|&#8221; inline_fonts=&#8221;Belleza&#8221;]<\/p>\n<p>La Tonnellerie Baron \u00e8 in continua evoluzione. La sua espansione offre posizioni amministrative, commerciali e produttive.<\/p>\n<p>Non esitate a inviarci il vostro CV accompagnato da una lettera di motivazione. Vi ringraziamo in anticipo.<\/p>\n<p>Contatto : <a href=\"mailto:info@tonnelleriebaron.com\">info@tonnelleriebaron.com<\/a><\/p>\n<p>[\/et_pb_text][\/et_pb_column][\/et_pb_row][et_pb_row custom_padding=&#8221;|5%||5%||true&#8221; disabled_on=&#8221;on|on|on&#8221; _builder_version=&#8221;3.23.3&#8243; disabled=&#8221;on&#8221;][et_pb_column type=&#8221;4_4&#8243; _builder_version=&#8221;3.22.4&#8243;][et_pb_text admin_label=&#8221;Text&#8221; _builder_version=&#8221;3.23.3&#8243; text_font=&#8221;||||||||&#8221; text_font_size=&#8221;1rem&#8221; header_font=&#8221;||||||||&#8221; header_2_font=&#8221;||||||||&#8221; header_2_font_size=&#8221;1.5rem&#8221; background_size=&#8221;initial&#8221; background_position=&#8221;top_left&#8221; background_repeat=&#8221;repeat&#8221; custom_padding=&#8221;0.6%||0.6%||true|&#8221; inline_fonts=&#8221;Belleza&#8221;]<\/p>\n<h2>Le nostre offerte<\/h2>\n<p>[\/et_pb_text][et_pb_cta title=&#8221;CHEF D&#8217;ATELIER&#8221; button_url=&#8221;\/it\/&#8221; url_new_window=&#8221;on&#8221; button_text=&#8221;Scarica la scheda completa&#8221; _builder_version=&#8221;3.22.7&#8243; header_font=&#8221;|||on|||||&#8221; header_text_align=&#8221;left&#8221; body_font=&#8221;||||||||&#8221; body_text_align=&#8221;left&#8221; border_width_top=&#8221;6px&#8221; border_color_top=&#8221;#ffffff&#8221; button_alignment=&#8221;right&#8221; text_orientation=&#8221;left&#8221; width=&#8221;66%&#8221; module_alignment=&#8221;left&#8221;]<\/p>\n<p>(COURTE DESCRIPTION) Edit or remove this text inline or in the module Content settings. You can also style every aspect of this content in the module Design settings and even apply custom CSS to this text in the module Advanced settings.<\/p>\n<p>[\/et_pb_cta][et_pb_cta title=&#8221;Tonnelier&#8221; button_url=&#8221;\/it\/&#8221; url_new_window=&#8221;on&#8221; button_text=&#8221;Scarica la scheda completa&#8221; _builder_version=&#8221;3.22.7&#8243; header_font=&#8221;|||on|||||&#8221; header_text_align=&#8221;left&#8221; body_font=&#8221;||||||||&#8221; body_text_align=&#8221;left&#8221; border_width_top=&#8221;5px&#8221; border_color_top=&#8221;#ffffff&#8221; button_alignment=&#8221;right&#8221; text_orientation=&#8221;left&#8221; width=&#8221;66%&#8221; module_alignment=&#8221;left&#8221;]<\/p>\n<p>(COURTE DESCRIPTION) Edit or remove this text inline or in the module Content settings. You can also style every aspect of this content in the module Design settings and even apply custom CSS to this text in the module Advanced settings.<\/p>\n<p>[\/et_pb_cta][\/et_pb_column][\/et_pb_row][\/et_pb_section][et_pb_section fb_built=&#8221;1&#8243; _builder_version=&#8221;3.23.3&#8243;][et_pb_row _builder_version=&#8221;3.23.3&#8243;][et_pb_column type=&#8221;4_4&#8243; _builder_version=&#8221;3.23.3&#8243;][et_pb_text _builder_version=&#8221;3.23.3&#8243;][\/et_pb_text][\/et_pb_column][\/et_pb_row][\/et_pb_section]<\/p>\n","protected":false},"excerpt":{"rendered":"<p><div class=\"selecteur-langues\"><a href=\"\/posti-di-lavoro\">FR<\/a> \/ <a href=\"\/en\/posti-di-lavoro\">EN<\/a>  \/ <a href=\"\/es\/posti-di-lavoro\">ES<\/a>  <\/div>\nPosti di lavoroLa Tonnellerie Baron \u00e8 in continua evoluzione. La sua espansione offre posizioni amministrative, commerciali e produttive. Non esitate a inviarci il vostro CV accompagnato da una lettera di motivazione. Vi ringraziamo in anticipo. Contatto : info@tonnelleriebaron.comLe nostre offerte(COURTE DESCRIPTION) Edit or remove this text inline or in the module Content settings. You [&hellip;]<\/p>\n","protected":false},"author":1,"featured_media":0,"parent":0,"menu_order":0,"comment_status":"closed","ping_status":"closed","template":"","meta":{"_et_pb_use_builder":"on","_et_pb_old_content":"","_et_gb_content_width":"","footnotes":""},"class_list":["post-2541","page","type-page","status-publish","hentry"],"yoast_head":"<!-- This site is optimized with the Yoast SEO plugin v25.8 - https:\/\/yoast.com\/wordpress\/plugins\/seo\/ -->\n<title>Posti di lavoro | Tonnellerie Baron<\/title>\n<meta name=\"description\" content=\"Posti di lavoro | Depuis 1875, la Tonnellerie Baron perp\u00e9tue une tradition d&#039;excellence dans la s\u00e9lection de ch\u00eanes de haute qualit\u00e9 et la fabrication de barriques d&#039;exception. | Tonnellerie Baron\" \/>\n<meta name=\"robots\" content=\"index, follow, max-snippet:-1, max-image-preview:large, max-video-preview:-1\" \/>\n<link rel=\"canonical\" href=\"https:\/\/www.tonnelleriebaron.com\/it\/posti-di-lavoro\/\" \/>\n<meta property=\"og:locale\" content=\"it_IT\" \/>\n<meta property=\"og:type\" content=\"article\" \/>\n<meta property=\"og:title\" content=\"Posti di lavoro | Tonnellerie Baron\" \/>\n<meta property=\"og:description\" content=\"Posti di lavoro | Depuis 1875, la Tonnellerie Baron perp\u00e9tue une tradition d&#039;excellence dans la s\u00e9lection de ch\u00eanes de haute qualit\u00e9 et la fabrication de barriques d&#039;exception. | Tonnellerie Baron\" \/>\n<meta property=\"og:url\" content=\"https:\/\/www.tonnelleriebaron.com\/it\/posti-di-lavoro\/\" \/>\n<meta property=\"og:site_name\" content=\"Tonnellerie Baron\" \/>\n<meta property=\"article:modified_time\" content=\"2019-07-08T13:29:34+00:00\" \/>\n<meta property=\"og:image\" content=\"https:\/\/www.tonnelleriebaron.com\/wp-content\/uploads\/2020\/05\/TB_OpenGraph_IMG_CARRE.jpg\" \/>\n\t<meta property=\"og:image:width\" content=\"600\" \/>\n\t<meta property=\"og:image:height\" content=\"600\" \/>\n\t<meta property=\"og:image:type\" content=\"image\/jpeg\" \/>\n<meta name=\"twitter:card\" content=\"summary_large_image\" \/>\n<meta name=\"twitter:label1\" content=\"Tempo di lettura stimato\" \/>\n\t<meta name=\"twitter:data1\" content=\"5 minuti\" \/>\n<script type=\"application\/ld+json\" class=\"yoast-schema-graph\">{\"@context\":\"https:\/\/schema.org\",\"@graph\":[{\"@type\":\"WebPage\",\"@id\":\"https:\/\/www.tonnelleriebaron.com\/it\/posti-di-lavoro\/\",\"url\":\"https:\/\/www.tonnelleriebaron.com\/it\/posti-di-lavoro\/\",\"name\":\"Posti di lavoro | Tonnellerie Baron\",\"isPartOf\":{\"@id\":\"https:\/\/www.tonnelleriebaron.com\/it\/#website\"},\"datePublished\":\"2019-06-19T16:32:08+00:00\",\"dateModified\":\"2019-07-08T13:29:34+00:00\",\"description\":\"Posti di lavoro | Depuis 1875, la Tonnellerie Baron perp\u00e9tue une tradition d'excellence dans la s\u00e9lection de ch\u00eanes de haute qualit\u00e9 et la fabrication de barriques d'exception. | Tonnellerie Baron\",\"breadcrumb\":{\"@id\":\"https:\/\/www.tonnelleriebaron.com\/it\/posti-di-lavoro\/#breadcrumb\"},\"inLanguage\":\"it-IT\",\"potentialAction\":[{\"@type\":\"ReadAction\",\"target\":[\"https:\/\/www.tonnelleriebaron.com\/it\/posti-di-lavoro\/\"]}]},{\"@type\":\"BreadcrumbList\",\"@id\":\"https:\/\/www.tonnelleriebaron.com\/it\/posti-di-lavoro\/#breadcrumb\",\"itemListElement\":[{\"@type\":\"ListItem\",\"position\":1,\"name\":\"Accueil\",\"item\":\"https:\/\/www.tonnelleriebaron.com\/it\/\"},{\"@type\":\"ListItem\",\"position\":2,\"name\":\"Posti di lavoro\"}]},{\"@type\":\"WebSite\",\"@id\":\"https:\/\/www.tonnelleriebaron.com\/it\/#website\",\"url\":\"https:\/\/www.tonnelleriebaron.com\/it\/\",\"name\":\"Tonnellerie Baron\",\"description\":\"140 ans de passion au service de vins d&#039;exception.\",\"publisher\":{\"@id\":\"https:\/\/www.tonnelleriebaron.com\/it\/#organization\"},\"potentialAction\":[{\"@type\":\"SearchAction\",\"target\":{\"@type\":\"EntryPoint\",\"urlTemplate\":\"https:\/\/www.tonnelleriebaron.com\/it\/?s={search_term_string}\"},\"query-input\":{\"@type\":\"PropertyValueSpecification\",\"valueRequired\":true,\"valueName\":\"search_term_string\"}}],\"inLanguage\":\"it-IT\"},{\"@type\":\"Organization\",\"@id\":\"https:\/\/www.tonnelleriebaron.com\/it\/#organization\",\"name\":\"Tonnellerie Baron\",\"url\":\"https:\/\/www.tonnelleriebaron.com\/it\/\",\"logo\":{\"@type\":\"ImageObject\",\"inLanguage\":\"it-IT\",\"@id\":\"https:\/\/www.tonnelleriebaron.com\/it\/#\/schema\/logo\/image\/\",\"url\":\"https:\/\/www.tonnelleriebaron.com\/wp-content\/uploads\/2019\/06\/LOGO-TONNELLERIE-BARON-PM874-INSPIRE\u0301E-par-NATURE2.png\",\"contentUrl\":\"https:\/\/www.tonnelleriebaron.com\/wp-content\/uploads\/2019\/06\/LOGO-TONNELLERIE-BARON-PM874-INSPIRE\u0301E-par-NATURE2.png\",\"width\":1302,\"height\":483,\"caption\":\"Tonnellerie Baron\"},\"image\":{\"@id\":\"https:\/\/www.tonnelleriebaron.com\/it\/#\/schema\/logo\/image\/\"},\"sameAs\":[\"https:\/\/www.instagram.com\/tonnelleriebaron\",\"https:\/\/www.linkedin.com\/company\/tonnellerie-baron\"]}]}<\/script>\n<!-- \/ Yoast SEO plugin. -->","yoast_head_json":{"title":"Posti di lavoro | Tonnellerie Baron","description":"Posti di lavoro | Depuis 1875, la Tonnellerie Baron perp\u00e9tue une tradition d'excellence dans la s\u00e9lection de ch\u00eanes de haute qualit\u00e9 et la fabrication de barriques d'exception. | Tonnellerie Baron","robots":{"index":"index","follow":"follow","max-snippet":"max-snippet:-1","max-image-preview":"max-image-preview:large","max-video-preview":"max-video-preview:-1"},"canonical":"https:\/\/www.tonnelleriebaron.com\/it\/posti-di-lavoro\/","og_locale":"it_IT","og_type":"article","og_title":"Posti di lavoro | Tonnellerie Baron","og_description":"Posti di lavoro | Depuis 1875, la Tonnellerie Baron perp\u00e9tue une tradition d'excellence dans la s\u00e9lection de ch\u00eanes de haute qualit\u00e9 et la fabrication de barriques d'exception. | Tonnellerie Baron","og_url":"https:\/\/www.tonnelleriebaron.com\/it\/posti-di-lavoro\/","og_site_name":"Tonnellerie Baron","article_modified_time":"2019-07-08T13:29:34+00:00","og_image":[{"width":600,"height":600,"url":"https:\/\/www.tonnelleriebaron.com\/wp-content\/uploads\/2020\/05\/TB_OpenGraph_IMG_CARRE.jpg","type":"image\/jpeg"}],"twitter_card":"summary_large_image","twitter_misc":{"Tempo di lettura stimato":"5 minuti"},"schema":{"@context":"https:\/\/schema.org","@graph":[{"@type":"WebPage","@id":"https:\/\/www.tonnelleriebaron.com\/it\/posti-di-lavoro\/","url":"https:\/\/www.tonnelleriebaron.com\/it\/posti-di-lavoro\/","name":"Posti di lavoro | Tonnellerie Baron","isPartOf":{"@id":"https:\/\/www.tonnelleriebaron.com\/it\/#website"},"datePublished":"2019-06-19T16:32:08+00:00","dateModified":"2019-07-08T13:29:34+00:00","description":"Posti di lavoro | Depuis 1875, la Tonnellerie Baron perp\u00e9tue une tradition d'excellence dans la s\u00e9lection de ch\u00eanes de haute qualit\u00e9 et la fabrication de barriques d'exception. | Tonnellerie Baron","breadcrumb":{"@id":"https:\/\/www.tonnelleriebaron.com\/it\/posti-di-lavoro\/#breadcrumb"},"inLanguage":"it-IT","potentialAction":[{"@type":"ReadAction","target":["https:\/\/www.tonnelleriebaron.com\/it\/posti-di-lavoro\/"]}]},{"@type":"BreadcrumbList","@id":"https:\/\/www.tonnelleriebaron.com\/it\/posti-di-lavoro\/#breadcrumb","itemListElement":[{"@type":"ListItem","position":1,"name":"Accueil","item":"https:\/\/www.tonnelleriebaron.com\/it\/"},{"@type":"ListItem","position":2,"name":"Posti di lavoro"}]},{"@type":"WebSite","@id":"https:\/\/www.tonnelleriebaron.com\/it\/#website","url":"https:\/\/www.tonnelleriebaron.com\/it\/","name":"Tonnellerie Baron","description":"140 ans de passion au service de vins d&#039;exception.","publisher":{"@id":"https:\/\/www.tonnelleriebaron.com\/it\/#organization"},"potentialAction":[{"@type":"SearchAction","target":{"@type":"EntryPoint","urlTemplate":"https:\/\/www.tonnelleriebaron.com\/it\/?s={search_term_string}"},"query-input":{"@type":"PropertyValueSpecification","valueRequired":true,"valueName":"search_term_string"}}],"inLanguage":"it-IT"},{"@type":"Organization","@id":"https:\/\/www.tonnelleriebaron.com\/it\/#organization","name":"Tonnellerie Baron","url":"https:\/\/www.tonnelleriebaron.com\/it\/","logo":{"@type":"ImageObject","inLanguage":"it-IT","@id":"https:\/\/www.tonnelleriebaron.com\/it\/#\/schema\/logo\/image\/","url":"https:\/\/www.tonnelleriebaron.com\/wp-content\/uploads\/2019\/06\/LOGO-TONNELLERIE-BARON-PM874-INSPIRE\u0301E-par-NATURE2.png","contentUrl":"https:\/\/www.tonnelleriebaron.com\/wp-content\/uploads\/2019\/06\/LOGO-TONNELLERIE-BARON-PM874-INSPIRE\u0301E-par-NATURE2.png","width":1302,"height":483,"caption":"Tonnellerie Baron"},"image":{"@id":"https:\/\/www.tonnelleriebaron.com\/it\/#\/schema\/logo\/image\/"},"sameAs":["https:\/\/www.instagram.com\/tonnelleriebaron","https:\/\/www.linkedin.com\/company\/tonnellerie-baron"]}]}},"_links":{"self":[{"href":"https:\/\/www.tonnelleriebaron.com\/it\/wp-json\/wp\/v2\/pages\/2541","targetHints":{"allow":["GET"]}}],"collection":[{"href":"https:\/\/www.tonnelleriebaron.com\/it\/wp-json\/wp\/v2\/pages"}],"about":[{"href":"https:\/\/www.tonnelleriebaron.com\/it\/wp-json\/wp\/v2\/types\/page"}],"author":[{"embeddable":true,"href":"https:\/\/www.tonnelleriebaron.com\/it\/wp-json\/wp\/v2\/users\/1"}],"replies":[{"embeddable":true,"href":"https:\/\/www.tonnelleriebaron.com\/it\/wp-json\/wp\/v2\/comments?post=2541"}],"version-history":[{"count":0,"href":"https:\/\/www.tonnelleriebaron.com\/it\/wp-json\/wp\/v2\/pages\/2541\/revisions"}],"wp:attachment":[{"href":"https:\/\/www.tonnelleriebaron.com\/it\/wp-json\/wp\/v2\/media?parent=2541"}],"curies":[{"name":"wp","href":"https:\/\/api.w.org\/{rel}","templated":true}]}}