{"id":2560,"date":"2019-06-19T19:16:31","date_gmt":"2019-06-19T17:16:31","guid":{"rendered":"https:\/\/www.tonnelleriebaron.com\/legal\/"},"modified":"2019-07-08T15:35:26","modified_gmt":"2019-07-08T13:35:26","slug":"legal","status":"publish","type":"page","link":"https:\/\/www.tonnelleriebaron.com\/it\/legal\/","title":{"rendered":"Legal"},"content":{"rendered":"<p>[et_pb_section fb_built=&#8221;1&#8243; disabled_on=&#8221;on|off|off&#8221; admin_label=&#8221;Languages switcher&#8221; _builder_version=&#8221;3.24&#8243; custom_margin=&#8221;0px||&#8221; custom_margin_tablet=&#8221;-15px|35%||0px&#8221; custom_margin_phone=&#8221;0px|0%|0px|&#8221; custom_margin_last_edited=&#8221;on|phone&#8221; custom_padding=&#8221;0|0px|0px|0px|false|false&#8221; global_module=&#8221;593&#8243; collapsed=&#8221;on&#8221;][et_pb_row custom_padding=&#8221;|82px|||false|false&#8221; admin_label=&#8221;Row&#8221; module_class=&#8221; et_pb_row_fullwidth&#8221; _builder_version=&#8221;3.25&#8243; width=&#8221;100%&#8221; width_tablet=&#8221;100%&#8221; width_last_edited=&#8221;on|desktop&#8221; max_width=&#8221;100%&#8221; max_width_tablet=&#8221;100%&#8221; max_width_last_edited=&#8221;on|desktop&#8221; make_fullwidth=&#8221;on&#8221;][et_pb_column type=&#8221;4_4&#8243; _builder_version=&#8221;3.25&#8243; custom_padding=&#8221;|||&#8221; custom_padding__hover=&#8221;|||&#8221;][et_pb_code _builder_version=&#8221;3.19.18&#8243; text_orientation=&#8221;right&#8221; custom_margin=&#8221;0px||&#8221; animation_style=&#8221;fade&#8221; animation_duration=&#8221;1950ms&#8221; animation_delay=&#8221;150ms&#8221;]<div class=\"selecteur-langues\"><a href=\"\/legal\">FR<\/a> \/ <a href=\"\/en\/legal\">EN<\/a>  \/ <a href=\"\/es\/legal\">ES<\/a>  <\/div>\n[\/et_pb_code][\/et_pb_column][\/et_pb_row][\/et_pb_section][et_pb_section fb_built=&#8221;1&#8243; disabled_on=&#8221;on|on|off&#8221; _builder_version=&#8221;3.22.3&#8243; custom_margin_tablet=&#8221;0px||0px&#8221; custom_margin_last_edited=&#8221;on|tablet&#8221;][et_pb_row _builder_version=&#8221;3.25&#8243;][et_pb_column type=&#8221;4_4&#8243; _builder_version=&#8221;3.25&#8243; custom_padding=&#8221;|||&#8221; custom_padding__hover=&#8221;|||&#8221;][et_pb_image src=&#8221;https:\/\/www.tonnelleriebaron.com\/wp-content\/uploads\/2019\/06\/LOGO-TONNELLERIE-BARON-PM874-INSPIRE\u0301E-par-NATURE2.png&#8221; url=&#8221;\/it\/&#8221; align=&#8221;center&#8221; align_tablet=&#8221;center&#8221; align_last_edited=&#8221;on|desktop&#8221; disabled_on=&#8221;off|off|off&#8221; admin_label=&#8221;LOGO BARON&#8221; _builder_version=&#8221;3.25.2&#8243; width=&#8221;100%&#8221; max_width=&#8221;20%&#8221; max_width_phone=&#8221;65%&#8221; max_width_last_edited=&#8221;on|desktop&#8221; module_alignment=&#8221;center&#8221; custom_margin=&#8221;0%||&#8221; custom_margin_phone=&#8221;-30%||0px||false&#8221; custom_margin_last_edited=&#8221;on|phone&#8221; animation_style=&#8221;fade&#8221; z_index=&#8221;999&#8243; always_center_on_mobile=&#8221;on&#8221; global_module=&#8221;550&#8243; saved_tabs=&#8221;all&#8221;][\/et_pb_image][\/et_pb_column][\/et_pb_row][\/et_pb_section][et_pb_section fb_built=&#8221;1&#8243; custom_padding_last_edited=&#8221;on|desktop&#8221; admin_label=&#8221;Notre engagement&#8221; module_id=&#8221;Notre engagement&#8221; _builder_version=&#8221;3.22.7&#8243; custom_margin_phone=&#8221;0px||0px&#8221; custom_margin_last_edited=&#8221;on|desktop&#8221; custom_padding=&#8221;|||||true&#8221; custom_padding_phone=&#8221;0px||0px&#8221;][et_pb_row custom_padding=&#8221;0px|0px|0px|0px|false|false&#8221; custom_padding_tablet=&#8221;0px|||&#8221; custom_padding_last_edited=&#8221;on|phone&#8221; module_id=&#8221;Nos Valeurs&#8221; module_class=&#8221; et_pb_row_fullwidth&#8221; _builder_version=&#8221;3.25&#8243; width=&#8221;100%&#8221; width_tablet=&#8221;100%&#8221; width_last_edited=&#8221;on|desktop&#8221; max_width=&#8221;100%&#8221; max_width_tablet=&#8221;100%&#8221; max_width_last_edited=&#8221;on|desktop&#8221; module_alignment=&#8221;center&#8221; custom_margin_phone=&#8221;10%||&#8221; custom_margin_last_edited=&#8221;on|desktop&#8221; make_fullwidth=&#8221;on&#8221;][et_pb_column type=&#8221;4_4&#8243; _builder_version=&#8221;3.25&#8243; custom_padding=&#8221;|||&#8221; custom_padding__hover=&#8221;|||&#8221;][et_pb_text admin_label=&#8221;L\u00e9gal&#8221; _builder_version=&#8221;3.23.3&#8243; text_font=&#8221;Marcellus||||||||&#8221; text_text_color=&#8221;#8c6e4a&#8221; text_font_size=&#8221;3em&#8221; header_font=&#8221;||||||||&#8221; header_text_align=&#8221;left&#8221; header_font_size=&#8221;2.5rem&#8221; header_2_font=&#8221;Josefin Sans|300||on|||||&#8221; header_2_text_align=&#8221;left&#8221; header_2_font_size=&#8221;1em&#8221; header_2_letter_spacing=&#8221;3px&#8221; header_2_line_height=&#8221;1.2em&#8221; max_width=&#8221;1080px&#8221; max_width_tablet=&#8221;85%&#8221; max_width_last_edited=&#8221;on|tablet&#8221; module_alignment=&#8221;left&#8221; custom_margin=&#8221;|||5%&#8221; custom_margin_last_edited=&#8221;on|desktop&#8221; custom_padding=&#8221;|||10%&#8221; animation_style=&#8221;slide&#8221; animation_direction=&#8221;right&#8221; animation_duration=&#8221;1650ms&#8221; animation_intensity_slide=&#8221;16%&#8221; header_font_size_phone=&#8221;2rem&#8221; header_font_size_last_edited=&#8221;on|phone&#8221; header_2_font_size_phone=&#8221;1.5rem&#8221; header_2_font_size_last_edited=&#8221;on|phone&#8221;]<\/p>\n<h1>Legal<\/h1>\n<p>[\/et_pb_text][\/et_pb_column][\/et_pb_row][et_pb_row custom_margin=&#8221;|||||&#8221; _builder_version=&#8221;3.25&#8243;][et_pb_column type=&#8221;4_4&#8243; _builder_version=&#8221;3.25&#8243; custom_padding=&#8221;|||&#8221; custom_padding__hover=&#8221;|||&#8221;][et_pb_text admin_label=&#8221;Text&#8221; _builder_version=&#8221;3.22.7&#8243; text_font=&#8221;||||||||&#8221; text_font_size=&#8221;1rem&#8221; header_font=&#8221;||||||||&#8221; header_2_font=&#8221;||||||||&#8221; header_2_font_size=&#8221;1.5rem&#8221; background_size=&#8221;initial&#8221; background_position=&#8221;top_left&#8221; background_repeat=&#8221;repeat&#8221; custom_padding=&#8221;0.6%||0.6%||true|&#8221; inline_fonts=&#8221;Belleza&#8221;]<\/p>\n<h2>Denominazione o ragione sociale :<\/h2>\n<p>Tonnellerie BARON<\/p>\n<h2>Indirizzo della sede legale :<\/h2>\n<p>20 rue des Gillardeaux 17100 Les Gonds<\/p>\n<h2>Numero di telefono :<\/h2>\n<p>05.46.93.18.02<\/p>\n<h2>Numero di registrazione presso SIREN :<\/h2>\n<p>409.439.288.000.13<\/p>\n<h2>Nome della citt\u00e0 in cui si trova il registro :<\/h2>\n<p>RCS de Saintes<\/p>\n<h2>Nome dell&#8217;amministratore o co-direttore della pubblicazione e, se applicabile, quello dell&#8217;editore:<\/h2>\n<p>Lionel Kreff<\/p>\n<h2>Nome e dettagli di contatto dell&#8217;host:<\/h2>\n<p>100 % Net<br \/>Futur Building II<br \/>1280, Avenue des Platanes<br \/>34970 LATTES<br \/>T\u00e9l : 04-67-996-491 &#8211; Fax : 04-67-65-15-62<br \/><a href=\"https:\/\/www.100pour100net.com\/\">http:\/\/www.100p100.net<\/a><br \/><a href=\"https:\/\/www.100pour100net.com\/contact\">contact@100p100.net<\/a><\/p>\n<h2>Cr\u00e9dits :<\/h2>\n<div class=\"\"><span face=\"Helvetica, Arial\" size=\"2\" style=\"font-family: Belleza; font-size: large; font-weight: normal;\">Illustrazione : <a href=\"http:\/\/florence-gendre-illustration.com\/\">Florence Gendre<\/a><\/span><\/div>\n<div class=\"\"><span face=\"Helvetica, Arial\" size=\"2\" style=\"font-family: Belleza; font-size: large; font-weight: normal;\">Web Design : <a href=\"https:\/\/www.briddieobyrne.com\/\">Briddie O\u2019Byrne<\/a><\/span><\/div>\n<div class=\"\"><span face=\"Helvetica, Arial\" size=\"2\" style=\"font-family: Belleza; font-size: large; font-weight: normal;\">Sviluppo Web e integrazione : <a href=\"https:\/\/www.anthony-robin.com\">Anthony Robin<\/a><\/span><\/div>\n<div class=\"\"><span face=\"Helvetica, Arial\" size=\"2\" style=\"font-family: Belleza; font-size: large; font-weight: normal;\"><span class=\"\">Fotografia :<a href=\"https:\/\/anakaphotographie.com\/\">Anaka<\/a>\u00a0<\/span><\/span><\/div>\n<div class=\"\"><span face=\"Helvetica, Arial\" size=\"2\" style=\"font-family: Belleza; font-size: large; font-weight: normal;\"><span class=\"\">Coordinamento del progetto : Piment Blanc\u00a0<\/span><\/span><\/div>\n<p>&nbsp;<\/p>\n<p>&nbsp;<\/p>\n<p>[\/et_pb_text][\/et_pb_column][\/et_pb_row][\/et_pb_section][et_pb_section fb_built=&#8221;1&#8243; admin_label=&#8221;Divider&#8221; _builder_version=&#8221;3.23.3&#8243; collapsed=&#8221;on&#8221;][et_pb_row _builder_version=&#8221;3.25&#8243;][et_pb_column type=&#8221;4_4&#8243; _builder_version=&#8221;3.25&#8243; custom_padding=&#8221;|||&#8221; custom_padding__hover=&#8221;|||&#8221;][et_pb_text _builder_version=&#8221;3.23.3&#8243;][\/et_pb_text][\/et_pb_column][\/et_pb_row][\/et_pb_section]<\/p>\n","protected":false},"excerpt":{"rendered":"<p><div class=\"selecteur-langues\"><a href=\"\/legal\">FR<\/a> \/ <a href=\"\/en\/legal\">EN<\/a>  \/ <a href=\"\/es\/legal\">ES<\/a>  <\/div>\nLegalDenominazione o ragione sociale : Tonnellerie BARON Indirizzo della sede legale : 20 rue des Gillardeaux 17100 Les Gonds Numero di telefono : 05.46.93.18.02 Numero di registrazione presso SIREN : 409.439.288.000.13 Nome della citt\u00e0 in cui si trova il registro : RCS de Saintes Nome dell&#8217;amministratore o co-direttore della pubblicazione e, se applicabile, quello [&hellip;]<\/p>\n","protected":false},"author":1,"featured_media":0,"parent":0,"menu_order":0,"comment_status":"closed","ping_status":"closed","template":"","meta":{"_et_pb_use_builder":"on","_et_pb_old_content":"<!-- wp:heading {\"level\":4} -->\n<h4>D\u00e9termination ou raison sociale :<\/h4>\n<!-- \/wp:heading -->\n\n<!-- wp:paragraph -->\n<p>Tonnellerie BARON<\/p>\n<!-- \/wp:paragraph -->\n\n<!-- wp:heading {\"level\":4} -->\n<h4>Adresse du si\u00e8ge social :<\/h4>\n<!-- \/wp:heading -->\n\n<!-- wp:paragraph -->\n<p>20 rue des Gillardeaux 17100 Les Gonds<\/p>\n<!-- \/wp:paragraph -->\n\n<!-- wp:heading {\"level\":4} -->\n<h4>Num\u00e9ro de t\u00e9l\u00e9phone :<\/h4>\n<!-- \/wp:heading -->\n\n<!-- wp:paragraph -->\n<p>05.46.93.18.02<\/p>\n<!-- \/wp:paragraph -->\n\n<!-- wp:heading {\"level\":4} -->\n<h4>Num\u00e9ro d'immatriculation au SIREN :<\/h4>\n<!-- \/wp:heading -->\n\n<!-- wp:paragraph -->\n<p>409.439.288.000.13<\/p>\n<!-- \/wp:paragraph -->\n\n<!-- wp:heading {\"level\":4} -->\n<h4>Nom de la ville ou se trouve le greffe d'immatriculation (RCS de \u2026) :<\/h4>\n<!-- \/wp:heading -->\n\n<!-- wp:paragraph -->\n<p>RCS de Saintes<\/p>\n<!-- \/wp:paragraph -->\n\n<!-- wp:heading {\"level\":4} -->\n<h4>Nom du directeur ou du co directeur de la publication, et le cas \u00e9ch\u00e9ant celui du responsable de la r\u00e9daction :<\/h4>\n<!-- \/wp:heading -->\n\n<!-- wp:paragraph -->\n<p>Monsieur Kreff Lionel<\/p>\n<!-- \/wp:paragraph -->\n\n<!-- wp:heading {\"level\":4} -->\n<h4>Nom et coordonn\u00e9es de l'h\u00e9bergeur :<\/h4>\n<!-- \/wp:heading -->\n\n<!-- wp:paragraph -->\n<p>100 % Net<br>Futur Building II<br>1280, Avenue des Platanes<br>34970 LATTES<br>T\u00e9l : 04-67-996-491 - Fax : 04-67-65-15-62<br><a href=\"https:\/\/www.100pour100net.com\/\">http:\/\/www.100p100.net<\/a><\/p>\n<!-- \/wp:paragraph -->\n\n<!-- wp:paragraph -->\n<p><a href=\"https:\/\/www.100pour100net.com\/contact\">contact@100p100.net<\/a><\/p>\n<!-- \/wp:paragraph -->\n\n<!-- wp:heading {\"level\":4} -->\n<h4>D\u00e9veloppement :<\/h4>\n<!-- \/wp:heading -->\n\n<!-- wp:paragraph -->\n<p>Un site d\u00e9velopp\u00e9 par Anthony ROBIN<br>T\u00e9l : 06 76 29 01 16<br><a href=\"https:\/\/www.anthony-robin.com\">https:\/\/www.anthony-robin.com<\/a><\/p>\n<!-- \/wp:paragraph -->\n\n<!-- wp:paragraph -->\n<p><\/p>\n<!-- \/wp:paragraph -->","_et_gb_content_width":"","footnotes":""},"class_list":["post-2560","page","type-page","status-publish","hentry"],"yoast_head":"<!-- This site is optimized with the Yoast SEO plugin v25.8 - https:\/\/yoast.com\/wordpress\/plugins\/seo\/ -->\n<title>Legal | Tonnellerie Baron<\/title>\n<meta name=\"description\" content=\"Legal | Depuis 1875, la Tonnellerie Baron perp\u00e9tue une tradition d&#039;excellence dans la s\u00e9lection de ch\u00eanes de haute qualit\u00e9 et la fabrication de barriques d&#039;exception. | Tonnellerie Baron\" \/>\n<meta name=\"robots\" content=\"index, follow, max-snippet:-1, max-image-preview:large, max-video-preview:-1\" \/>\n<link rel=\"canonical\" href=\"https:\/\/www.tonnelleriebaron.com\/it\/legal\/\" \/>\n<meta property=\"og:locale\" content=\"it_IT\" \/>\n<meta property=\"og:type\" content=\"article\" \/>\n<meta property=\"og:title\" content=\"Legal | Tonnellerie Baron\" \/>\n<meta property=\"og:description\" content=\"Legal | Depuis 1875, la Tonnellerie Baron perp\u00e9tue une tradition d&#039;excellence dans la s\u00e9lection de ch\u00eanes de haute qualit\u00e9 et la fabrication de barriques d&#039;exception. | Tonnellerie Baron\" \/>\n<meta property=\"og:url\" content=\"https:\/\/www.tonnelleriebaron.com\/it\/legal\/\" \/>\n<meta property=\"og:site_name\" content=\"Tonnellerie Baron\" \/>\n<meta property=\"article:modified_time\" content=\"2019-07-08T13:35:26+00:00\" \/>\n<meta property=\"og:image\" content=\"https:\/\/www.tonnelleriebaron.com\/wp-content\/uploads\/2020\/05\/TB_OpenGraph_IMG_CARRE.jpg\" \/>\n\t<meta property=\"og:image:width\" content=\"600\" \/>\n\t<meta property=\"og:image:height\" content=\"600\" \/>\n\t<meta property=\"og:image:type\" content=\"image\/jpeg\" \/>\n<meta name=\"twitter:card\" content=\"summary_large_image\" \/>\n<meta name=\"twitter:label1\" content=\"Tempo di lettura stimato\" \/>\n\t<meta name=\"twitter:data1\" content=\"4 minuti\" \/>\n<script type=\"application\/ld+json\" class=\"yoast-schema-graph\">{\"@context\":\"https:\/\/schema.org\",\"@graph\":[{\"@type\":\"WebPage\",\"@id\":\"https:\/\/www.tonnelleriebaron.com\/it\/legal\/\",\"url\":\"https:\/\/www.tonnelleriebaron.com\/it\/legal\/\",\"name\":\"Legal | Tonnellerie Baron\",\"isPartOf\":{\"@id\":\"https:\/\/www.tonnelleriebaron.com\/it\/#website\"},\"datePublished\":\"2019-06-19T17:16:31+00:00\",\"dateModified\":\"2019-07-08T13:35:26+00:00\",\"description\":\"Legal | Depuis 1875, la Tonnellerie Baron perp\u00e9tue une tradition d'excellence dans la s\u00e9lection de ch\u00eanes de haute qualit\u00e9 et la fabrication de barriques d'exception. | Tonnellerie Baron\",\"breadcrumb\":{\"@id\":\"https:\/\/www.tonnelleriebaron.com\/it\/legal\/#breadcrumb\"},\"inLanguage\":\"it-IT\",\"potentialAction\":[{\"@type\":\"ReadAction\",\"target\":[\"https:\/\/www.tonnelleriebaron.com\/it\/legal\/\"]}]},{\"@type\":\"BreadcrumbList\",\"@id\":\"https:\/\/www.tonnelleriebaron.com\/it\/legal\/#breadcrumb\",\"itemListElement\":[{\"@type\":\"ListItem\",\"position\":1,\"name\":\"Accueil\",\"item\":\"https:\/\/www.tonnelleriebaron.com\/it\/\"},{\"@type\":\"ListItem\",\"position\":2,\"name\":\"Legal\"}]},{\"@type\":\"WebSite\",\"@id\":\"https:\/\/www.tonnelleriebaron.com\/it\/#website\",\"url\":\"https:\/\/www.tonnelleriebaron.com\/it\/\",\"name\":\"Tonnellerie Baron\",\"description\":\"140 ans de passion au service de vins d&#039;exception.\",\"publisher\":{\"@id\":\"https:\/\/www.tonnelleriebaron.com\/it\/#organization\"},\"potentialAction\":[{\"@type\":\"SearchAction\",\"target\":{\"@type\":\"EntryPoint\",\"urlTemplate\":\"https:\/\/www.tonnelleriebaron.com\/it\/?s={search_term_string}\"},\"query-input\":{\"@type\":\"PropertyValueSpecification\",\"valueRequired\":true,\"valueName\":\"search_term_string\"}}],\"inLanguage\":\"it-IT\"},{\"@type\":\"Organization\",\"@id\":\"https:\/\/www.tonnelleriebaron.com\/it\/#organization\",\"name\":\"Tonnellerie Baron\",\"url\":\"https:\/\/www.tonnelleriebaron.com\/it\/\",\"logo\":{\"@type\":\"ImageObject\",\"inLanguage\":\"it-IT\",\"@id\":\"https:\/\/www.tonnelleriebaron.com\/it\/#\/schema\/logo\/image\/\",\"url\":\"https:\/\/www.tonnelleriebaron.com\/wp-content\/uploads\/2019\/06\/LOGO-TONNELLERIE-BARON-PM874-INSPIRE\u0301E-par-NATURE2.png\",\"contentUrl\":\"https:\/\/www.tonnelleriebaron.com\/wp-content\/uploads\/2019\/06\/LOGO-TONNELLERIE-BARON-PM874-INSPIRE\u0301E-par-NATURE2.png\",\"width\":1302,\"height\":483,\"caption\":\"Tonnellerie Baron\"},\"image\":{\"@id\":\"https:\/\/www.tonnelleriebaron.com\/it\/#\/schema\/logo\/image\/\"},\"sameAs\":[\"https:\/\/www.instagram.com\/tonnelleriebaron\",\"https:\/\/www.linkedin.com\/company\/tonnellerie-baron\"]}]}<\/script>\n<!-- \/ Yoast SEO plugin. -->","yoast_head_json":{"title":"Legal | Tonnellerie Baron","description":"Legal | Depuis 1875, la Tonnellerie Baron perp\u00e9tue une tradition d'excellence dans la s\u00e9lection de ch\u00eanes de haute qualit\u00e9 et la fabrication de barriques d'exception. | Tonnellerie Baron","robots":{"index":"index","follow":"follow","max-snippet":"max-snippet:-1","max-image-preview":"max-image-preview:large","max-video-preview":"max-video-preview:-1"},"canonical":"https:\/\/www.tonnelleriebaron.com\/it\/legal\/","og_locale":"it_IT","og_type":"article","og_title":"Legal | Tonnellerie Baron","og_description":"Legal | Depuis 1875, la Tonnellerie Baron perp\u00e9tue une tradition d'excellence dans la s\u00e9lection de ch\u00eanes de haute qualit\u00e9 et la fabrication de barriques d'exception. | Tonnellerie Baron","og_url":"https:\/\/www.tonnelleriebaron.com\/it\/legal\/","og_site_name":"Tonnellerie Baron","article_modified_time":"2019-07-08T13:35:26+00:00","og_image":[{"width":600,"height":600,"url":"https:\/\/www.tonnelleriebaron.com\/wp-content\/uploads\/2020\/05\/TB_OpenGraph_IMG_CARRE.jpg","type":"image\/jpeg"}],"twitter_card":"summary_large_image","twitter_misc":{"Tempo di lettura stimato":"4 minuti"},"schema":{"@context":"https:\/\/schema.org","@graph":[{"@type":"WebPage","@id":"https:\/\/www.tonnelleriebaron.com\/it\/legal\/","url":"https:\/\/www.tonnelleriebaron.com\/it\/legal\/","name":"Legal | Tonnellerie Baron","isPartOf":{"@id":"https:\/\/www.tonnelleriebaron.com\/it\/#website"},"datePublished":"2019-06-19T17:16:31+00:00","dateModified":"2019-07-08T13:35:26+00:00","description":"Legal | Depuis 1875, la Tonnellerie Baron perp\u00e9tue une tradition d'excellence dans la s\u00e9lection de ch\u00eanes de haute qualit\u00e9 et la fabrication de barriques d'exception. | Tonnellerie Baron","breadcrumb":{"@id":"https:\/\/www.tonnelleriebaron.com\/it\/legal\/#breadcrumb"},"inLanguage":"it-IT","potentialAction":[{"@type":"ReadAction","target":["https:\/\/www.tonnelleriebaron.com\/it\/legal\/"]}]},{"@type":"BreadcrumbList","@id":"https:\/\/www.tonnelleriebaron.com\/it\/legal\/#breadcrumb","itemListElement":[{"@type":"ListItem","position":1,"name":"Accueil","item":"https:\/\/www.tonnelleriebaron.com\/it\/"},{"@type":"ListItem","position":2,"name":"Legal"}]},{"@type":"WebSite","@id":"https:\/\/www.tonnelleriebaron.com\/it\/#website","url":"https:\/\/www.tonnelleriebaron.com\/it\/","name":"Tonnellerie Baron","description":"140 ans de passion au service de vins d&#039;exception.","publisher":{"@id":"https:\/\/www.tonnelleriebaron.com\/it\/#organization"},"potentialAction":[{"@type":"SearchAction","target":{"@type":"EntryPoint","urlTemplate":"https:\/\/www.tonnelleriebaron.com\/it\/?s={search_term_string}"},"query-input":{"@type":"PropertyValueSpecification","valueRequired":true,"valueName":"search_term_string"}}],"inLanguage":"it-IT"},{"@type":"Organization","@id":"https:\/\/www.tonnelleriebaron.com\/it\/#organization","name":"Tonnellerie Baron","url":"https:\/\/www.tonnelleriebaron.com\/it\/","logo":{"@type":"ImageObject","inLanguage":"it-IT","@id":"https:\/\/www.tonnelleriebaron.com\/it\/#\/schema\/logo\/image\/","url":"https:\/\/www.tonnelleriebaron.com\/wp-content\/uploads\/2019\/06\/LOGO-TONNELLERIE-BARON-PM874-INSPIRE\u0301E-par-NATURE2.png","contentUrl":"https:\/\/www.tonnelleriebaron.com\/wp-content\/uploads\/2019\/06\/LOGO-TONNELLERIE-BARON-PM874-INSPIRE\u0301E-par-NATURE2.png","width":1302,"height":483,"caption":"Tonnellerie Baron"},"image":{"@id":"https:\/\/www.tonnelleriebaron.com\/it\/#\/schema\/logo\/image\/"},"sameAs":["https:\/\/www.instagram.com\/tonnelleriebaron","https:\/\/www.linkedin.com\/company\/tonnellerie-baron"]}]}},"_links":{"self":[{"href":"https:\/\/www.tonnelleriebaron.com\/it\/wp-json\/wp\/v2\/pages\/2560","targetHints":{"allow":["GET"]}}],"collection":[{"href":"https:\/\/www.tonnelleriebaron.com\/it\/wp-json\/wp\/v2\/pages"}],"about":[{"href":"https:\/\/www.tonnelleriebaron.com\/it\/wp-json\/wp\/v2\/types\/page"}],"author":[{"embeddable":true,"href":"https:\/\/www.tonnelleriebaron.com\/it\/wp-json\/wp\/v2\/users\/1"}],"replies":[{"embeddable":true,"href":"https:\/\/www.tonnelleriebaron.com\/it\/wp-json\/wp\/v2\/comments?post=2560"}],"version-history":[{"count":0,"href":"https:\/\/www.tonnelleriebaron.com\/it\/wp-json\/wp\/v2\/pages\/2560\/revisions"}],"wp:attachment":[{"href":"https:\/\/www.tonnelleriebaron.com\/it\/wp-json\/wp\/v2\/media?parent=2560"}],"curies":[{"name":"wp","href":"https:\/\/api.w.org\/{rel}","templated":true}]}}